{"id":147,"date":"2020-03-26T18:11:56","date_gmt":"2020-03-26T21:11:56","guid":{"rendered":"https:\/\/upsra.org.ar\/sitio\/?page_id=147"},"modified":"2025-06-18T15:12:19","modified_gmt":"2025-06-18T18:12:19","slug":"ospsip","status":"publish","type":"page","link":"https:\/\/upsra.org.ar\/sitio\/ospsip\/","title":{"rendered":"Obra Social"},"content":{"rendered":"<div class=\"wp-block-image\">\n<figure class=\"aligncenter size-full is-resized\"><img loading=\"lazy\" decoding=\"async\" width=\"264\" height=\"372\" src=\"https:\/\/upsra.org.ar\/sitio\/wp-content\/uploads\/2025\/06\/escudo_landing_fondo_transp.png\" alt=\"\" class=\"wp-image-2317\" style=\"width:116px;height:auto\" srcset=\"https:\/\/upsra.org.ar\/sitio\/wp-content\/uploads\/2025\/06\/escudo_landing_fondo_transp.png 264w, https:\/\/upsra.org.ar\/sitio\/wp-content\/uploads\/2025\/06\/escudo_landing_fondo_transp-213x300.png 213w\" sizes=\"auto, (max-width: 264px) 100vw, 264px\" \/><\/figure><\/div>\n\n\n<p class=\"has-text-align-center has-vivid-cyan-blue-color has-text-color has-x-large-font-size\"><strong><a href=\"https:\/\/www.ospsip.org.ar\/\" data-type=\"URL\" data-id=\"https:\/\/www.ospsip.org.ar\/\" target=\"_blank\" rel=\"noreferrer noopener\" style=\"font-size:30px;color:#005697;\">www.ospsip.org.ar<\/a><\/strong><\/p>\n\n\n\n<p>La&nbsp;<strong>Obra Social del Personal de Seguridad Comercial, Industrial e Investigaciones Privadas<\/strong>, fue normalizada el 17 de octubre de 1989, luego de sucesivas intervenciones militares y a\u00fan civiles, retornando la conducci\u00f3n a sus leg\u00edtimos trabajadores y a la organizaci\u00f3n gremial en la fecha citada, asumiendo como titular en ese entonces, el actual Presidente del Consejo Directivo de O.S.P.S.I.P. y Secretario General del gremio, Dr. Angel Alberto Garc\u00eda.<br><br>Nuestra Obra Social fue seleccionada, adem\u00e1s, entre las primeras ocho Obras Sociales para la atenci\u00f3n de los&nbsp;<strong>monotributistas<\/strong>, a nivel nacional. Hoy se comparte este r\u00e9gimen con el resto de las Obras Sociales.<\/p>\n\n\n\n<p>Nuestra Obra Social de Seguridad Privada cuenta con m\u00e1s de 300.000 beneficiarios en todo el pa\u00eds, quienes son debidamente atendidos por sanatorios y cl\u00ednicas distribu\u00eddas en todo el territorio nacional, con prestaciones de todas las especialidades m\u00e9dicas, internaciones, cirug\u00edas y transplantes de la m\u00e1s alta complejidad, cont\u00e1ndose adem\u00e1s con centros de diagn\u00f3sticos, laboratorios de an\u00e1lisis, odontolog\u00eda y la provisi\u00f3n de medicamentos en todo el pa\u00eds, con&nbsp;<strong>descuentos de hasta el 90%<\/strong>&nbsp;para algunos casos.<\/p>\n\n\n\n<blockquote class=\"wp-block-quote is-layout-flow wp-block-quote-is-layout-flow\">\n<p>Hace m\u00e1s de 30 a\u00f1os, un grupo de personas se propuso crear un servicio de salud diferente. Una obra social que privilegia las necesidades de los afiliados.<\/p>\n<\/blockquote>\n\n\n\n<h4 class=\"wp-block-heading\">Contacto<\/h4>\n\n\n\n<p>Paran\u00e1 717, CP: 1017<br>Ciudad Aut\u00f3noma de Buenos Aires.<br>Telefono: 0800-333-6777<br>Whatsapp: +54-11-7194-2000<br>Email:&nbsp;<a href=\"mailto:info@ospsip.org.ar\">info@ospsip.org.ar<\/a><\/p>\n","protected":false},"excerpt":{"rendered":"<p>www.ospsip.org.ar La&nbsp;Obra Social del Personal de Seguridad Comercial, Industrial e Investigaciones Privadas, fue normalizada el 17 de octubre de 1989, luego de sucesivas intervenciones militares&hellip;<\/p>\n","protected":false},"author":1,"featured_media":0,"parent":0,"menu_order":0,"comment_status":"closed","ping_status":"closed","template":"","meta":{"_themeisle_gutenberg_block_has_review":false,"footnotes":""},"class_list":["post-147","page","type-page","status-publish","hentry"],"_links":{"self":[{"href":"https:\/\/upsra.org.ar\/sitio\/wp-json\/wp\/v2\/pages\/147","targetHints":{"allow":["GET"]}}],"collection":[{"href":"https:\/\/upsra.org.ar\/sitio\/wp-json\/wp\/v2\/pages"}],"about":[{"href":"https:\/\/upsra.org.ar\/sitio\/wp-json\/wp\/v2\/types\/page"}],"author":[{"embeddable":true,"href":"https:\/\/upsra.org.ar\/sitio\/wp-json\/wp\/v2\/users\/1"}],"replies":[{"embeddable":true,"href":"https:\/\/upsra.org.ar\/sitio\/wp-json\/wp\/v2\/comments?post=147"}],"version-history":[{"count":24,"href":"https:\/\/upsra.org.ar\/sitio\/wp-json\/wp\/v2\/pages\/147\/revisions"}],"predecessor-version":[{"id":2318,"href":"https:\/\/upsra.org.ar\/sitio\/wp-json\/wp\/v2\/pages\/147\/revisions\/2318"}],"wp:attachment":[{"href":"https:\/\/upsra.org.ar\/sitio\/wp-json\/wp\/v2\/media?parent=147"}],"curies":[{"name":"wp","href":"https:\/\/api.w.org\/{rel}","templated":true}]}}