{"id":1575,"date":"2025-03-28T12:30:52","date_gmt":"2025-03-28T15:30:52","guid":{"rendered":"https:\/\/upsra.org.ar.vxsct907.avnam.net\/sitio\/?page_id=1575"},"modified":"2025-03-28T15:04:06","modified_gmt":"2025-03-28T18:04:06","slug":"noticias-2","status":"publish","type":"page","link":"https:\/\/upsra.org.ar\/sitio\/noticias-2\/","title":{"rendered":"Noticias"},"content":{"rendered":"\n<div class=\"wp-block-ultimate-post-post-grid-parent ultp-post-grid-parent\" data-postid=\"1575\" data-grids=\"[{&quot;blockId&quot;:&quot;9915c6&quot;,&quot;name&quot;:&quot;ultimate-post_post-list-3&quot;}]\" data-pagi=\"[&quot;ultp-block-83ca08&quot;]\"><div  class=\"ultp-post-grid-block wp-block-ultimate-post-post-list-3 ultp-block-9915c6\"><div class=\"ultp-block-wrapper\"><div class=\"ultp-loading\"><div class=\"ultp-loading-blocks\" style=\"width:100%;height:100%;\"><div style=\"left: 0;top: 0;animation-delay:0s;\"><\/div><div style=\"left: 21px;top: 0;animation-delay:0.125s;\"><\/div><div style=\"left: 42px;top: 0;animation-delay:0.25s;\"><\/div><div style=\"left: 0;top: 21px;animation-delay:0.875s;\"><\/div><div style=\"left: 42px;top: 21px;animation-delay:0.375s;\"><\/div><div style=\"left: 0;top: 42px;animation-delay:0.75s;\"><\/div><div style=\"left: 42px;top: 42px;animation-delay:0.625s;\"><\/div><div style=\"left: 21px;top: 42px;animation-delay:0.5s;\"><\/div><\/div><\/div><div class=\"ultp-block-items-wrap ultp-block-row ultp-block-column-1 ultp-block-content-middle ultp-layout1\"><div class=\"ultp-block-item ultp-block-media post-id-2929\"><div class=\"ultp-block-content-wrap\"><div class=\"ultp-block-image ultp-block-image-opacity\"><a href=\"https:\/\/upsra.org.ar\/sitio\/2026\/02\/19\/adhesion-de-upsra-a-la-huelga-nacional-convocada-por-la-cgt\/\" ><img decoding=\"async\"  alt=\"ADHESI\u00d3N DE UPSRA A LA HUELGA NACIONAL CONVOCADA POR LA CGT\"  src=\"https:\/\/upsra.org.ar\/sitio\/wp-content\/uploads\/2025\/10\/Diseno-sin-titulo-1-300x251.png\" \/><\/a><\/div><div class=\"ultp-block-content\"><h3 class=\"ultp-block-title \"><a href=\"https:\/\/upsra.org.ar\/sitio\/2026\/02\/19\/adhesion-de-upsra-a-la-huelga-nacional-convocada-por-la-cgt\/\" >ADHESI\u00d3N DE UPSRA A LA HUELGA NACIONAL CONVOCADA POR LA CGT<\/a><\/h3><div class=\"ultp-block-meta ultp-block-meta-dot ultp-block-meta-icon\"><span class=\"ultp-block-date ultp-block-meta-element\"><svg xmlns=\"http:\/\/www.w3.org\/2000\/svg\" fill=\"none\" viewBox=\"0 0 24 24\">\n  <path stroke=\"currentColor\" stroke-linecap=\"round\" stroke-linejoin=\"round\" stroke-width=\"1.5\" d=\"M3 5.5a2 2 0 0 1 2-2h14a2 2 0 0 1 2 2v14a2 2 0 0 1-2 2H5a2 2 0 0 1-2-2v-14ZM8 2v3m8-3v3M3 9h18\"\/>\n<\/svg>\nFeb 19, 2026<\/span><span class=\"ultp-post-read ultp-block-meta-element\"><svg xmlns=\"http:\/\/www.w3.org\/2000\/svg\" fill=\"none\" viewBox=\"0 0 24 24\">\n  <path stroke=\"currentColor\" stroke-linecap=\"round\" stroke-linejoin=\"round\" stroke-width=\"1.5\" d=\"M4 5v14a3 3 0 0 0 3 3h13V8H7a3 3 0 0 1-3-3Zm0 0a3 3 0 0 1 3-3h13M7 5h10\"\/>\n  <path stroke=\"currentColor\" stroke-linecap=\"round\" stroke-linejoin=\"round\" stroke-width=\"1.5\" d=\"M9.5 18.5v-3.092a3 3 0 0 1 .504-1.664l1.219-1.828a.934.934 0 0 1 1.554 0l1.22 1.828a3 3 0 0 1 .503 1.664V18.5m-5-2.5h5\"\/>\n<\/svg>\n2 min read<\/span><\/div><div class=\"ultp-block-excerpt\"><p>La Uni\u00f3n del Personal de Seguridad Rep\u00fablica Argentina (UPSRA) expresa su adhesi\u00f3n a la huelga general convocada por la CGT en defensa de los derechos&hellip;<\/p>\n<\/div><div class=\"ultp-block-readmore\"><a aria-label=\"ADHESI\u00d3N DE UPSRA A LA HUELGA NACIONAL CONVOCADA POR LA CGT\" href=\"https:\/\/upsra.org.ar\/sitio\/2026\/02\/19\/adhesion-de-upsra-a-la-huelga-nacional-convocada-por-la-cgt\/\" >Leer m\u00e0s<svg xmlns=\"http:\/\/www.w3.org\/2000\/svg\" fill=\"none\" viewBox=\"0 0 24 24\">\n  <path stroke=\"currentColor\" stroke-linecap=\"round\" stroke-linejoin=\"round\" stroke-width=\"1.5\" d=\"m12 20.5 8.5-8.5m0 0L12 3.5m8.5 8.5h-17\"\/>\n<\/svg>\n<\/a><\/div><\/div><\/div><\/div><div class=\"ultp-block-item ultp-block-media post-id-2742\"><div class=\"ultp-block-content-wrap\"><div class=\"ultp-block-image ultp-block-image-opacity\"><a href=\"https:\/\/upsra.org.ar\/sitio\/2025\/11\/12\/u-p-s-r-a-desmiente-falsas-publicaciones\/\" ><img decoding=\"async\"  alt=\"U.P.S.R.A. DESMIENTE FALSAS PUBLICACIONES\"  src=\"https:\/\/upsra.org.ar\/sitio\/wp-content\/uploads\/2025\/10\/Diseno-sin-titulo-1-300x251.png\" \/><\/a><\/div><div class=\"ultp-block-content\"><h3 class=\"ultp-block-title \"><a href=\"https:\/\/upsra.org.ar\/sitio\/2025\/11\/12\/u-p-s-r-a-desmiente-falsas-publicaciones\/\" >U.P.S.R.A. DESMIENTE FALSAS PUBLICACIONES<\/a><\/h3><div class=\"ultp-block-meta ultp-block-meta-dot ultp-block-meta-icon\"><span class=\"ultp-block-date ultp-block-meta-element\"><svg xmlns=\"http:\/\/www.w3.org\/2000\/svg\" fill=\"none\" viewBox=\"0 0 24 24\">\n  <path stroke=\"currentColor\" stroke-linecap=\"round\" stroke-linejoin=\"round\" stroke-width=\"1.5\" d=\"M3 5.5a2 2 0 0 1 2-2h14a2 2 0 0 1 2 2v14a2 2 0 0 1-2 2H5a2 2 0 0 1-2-2v-14ZM8 2v3m8-3v3M3 9h18\"\/>\n<\/svg>\nNov 12, 2025<\/span><span class=\"ultp-post-read ultp-block-meta-element\"><svg xmlns=\"http:\/\/www.w3.org\/2000\/svg\" fill=\"none\" viewBox=\"0 0 24 24\">\n  <path stroke=\"currentColor\" stroke-linecap=\"round\" stroke-linejoin=\"round\" stroke-width=\"1.5\" d=\"M4 5v14a3 3 0 0 0 3 3h13V8H7a3 3 0 0 1-3-3Zm0 0a3 3 0 0 1 3-3h13M7 5h10\"\/>\n  <path stroke=\"currentColor\" stroke-linecap=\"round\" stroke-linejoin=\"round\" stroke-width=\"1.5\" d=\"M9.5 18.5v-3.092a3 3 0 0 1 .504-1.664l1.219-1.828a.934.934 0 0 1 1.554 0l1.22 1.828a3 3 0 0 1 .503 1.664V18.5m-5-2.5h5\"\/>\n<\/svg>\n3 min read<\/span><\/div><div class=\"ultp-block-excerpt\"><p>Y ACLARA LA SITUACI\u00d3N PATRIMONIAL DE LA INSTITUCI\u00d3N, DE CARA A LA PR\u00d3XIMA ASAMBLEA Ante la circulaci\u00f3n de publicaciones digitales con contenido falso y comentarios&hellip;<\/p>\n<\/div><div class=\"ultp-block-readmore\"><a aria-label=\"U.P.S.R.A. DESMIENTE FALSAS PUBLICACIONES\" href=\"https:\/\/upsra.org.ar\/sitio\/2025\/11\/12\/u-p-s-r-a-desmiente-falsas-publicaciones\/\" >Leer m\u00e0s<svg xmlns=\"http:\/\/www.w3.org\/2000\/svg\" fill=\"none\" viewBox=\"0 0 24 24\">\n  <path stroke=\"currentColor\" stroke-linecap=\"round\" stroke-linejoin=\"round\" stroke-width=\"1.5\" d=\"m12 20.5 8.5-8.5m0 0L12 3.5m8.5 8.5h-17\"\/>\n<\/svg>\n<\/a><\/div><\/div><\/div><\/div><div class=\"ultp-block-item ultp-block-media post-id-2716\"><div class=\"ultp-block-content-wrap\"><div class=\"ultp-block-image ultp-block-image-opacity\"><a href=\"https:\/\/upsra.org.ar\/sitio\/2025\/10\/30\/jujuy-declara-de-interes-legislativo-a-la-actividad-de-seguridad-privada-reconociendo-la-labor-de-upsra-dentro-de-la-provincia\/\" ><img decoding=\"async\"  alt=\"Jujuy declara de Inter\u00e9s Legislativo a la actividad de seguridad privada, reconociendo la labor de UPSRA dentro de la provincia\"  src=\"https:\/\/upsra.org.ar\/sitio\/wp-content\/uploads\/2025\/10\/IMG-20251030-WA0023-300x169.jpg\" \/><\/a><\/div><div class=\"ultp-block-content\"><h3 class=\"ultp-block-title \"><a href=\"https:\/\/upsra.org.ar\/sitio\/2025\/10\/30\/jujuy-declara-de-interes-legislativo-a-la-actividad-de-seguridad-privada-reconociendo-la-labor-de-upsra-dentro-de-la-provincia\/\" >Jujuy declara de Inter\u00e9s Legislativo a la actividad de seguridad privada, reconociendo la labor de UPSRA dentro de la provincia<\/a><\/h3><div class=\"ultp-block-meta ultp-block-meta-dot ultp-block-meta-icon\"><span class=\"ultp-block-date ultp-block-meta-element\"><svg xmlns=\"http:\/\/www.w3.org\/2000\/svg\" fill=\"none\" viewBox=\"0 0 24 24\">\n  <path stroke=\"currentColor\" stroke-linecap=\"round\" stroke-linejoin=\"round\" stroke-width=\"1.5\" d=\"M3 5.5a2 2 0 0 1 2-2h14a2 2 0 0 1 2 2v14a2 2 0 0 1-2 2H5a2 2 0 0 1-2-2v-14ZM8 2v3m8-3v3M3 9h18\"\/>\n<\/svg>\nOct 30, 2025<\/span><span class=\"ultp-post-read ultp-block-meta-element\"><svg xmlns=\"http:\/\/www.w3.org\/2000\/svg\" fill=\"none\" viewBox=\"0 0 24 24\">\n  <path stroke=\"currentColor\" stroke-linecap=\"round\" stroke-linejoin=\"round\" stroke-width=\"1.5\" d=\"M4 5v14a3 3 0 0 0 3 3h13V8H7a3 3 0 0 1-3-3Zm0 0a3 3 0 0 1 3-3h13M7 5h10\"\/>\n  <path stroke=\"currentColor\" stroke-linecap=\"round\" stroke-linejoin=\"round\" stroke-width=\"1.5\" d=\"M9.5 18.5v-3.092a3 3 0 0 1 .504-1.664l1.219-1.828a.934.934 0 0 1 1.554 0l1.22 1.828a3 3 0 0 1 .503 1.664V18.5m-5-2.5h5\"\/>\n<\/svg>\n4 min read<\/span><\/div><div class=\"ultp-block-excerpt\"><p>La reciente declaraci\u00f3n de inter\u00e9s parlamentario de la actividad de seguridad privada por parte de la Legislatura de Jujuy, marca un punto de partida hist\u00f3rico&hellip;<\/p>\n<\/div><div class=\"ultp-block-readmore\"><a aria-label=\"Jujuy declara de Inter\u00e9s Legislativo a la actividad de seguridad privada, reconociendo la labor de UPSRA dentro de la provincia\" href=\"https:\/\/upsra.org.ar\/sitio\/2025\/10\/30\/jujuy-declara-de-interes-legislativo-a-la-actividad-de-seguridad-privada-reconociendo-la-labor-de-upsra-dentro-de-la-provincia\/\" >Leer m\u00e0s<svg xmlns=\"http:\/\/www.w3.org\/2000\/svg\" fill=\"none\" viewBox=\"0 0 24 24\">\n  <path stroke=\"currentColor\" stroke-linecap=\"round\" stroke-linejoin=\"round\" stroke-width=\"1.5\" d=\"m12 20.5 8.5-8.5m0 0L12 3.5m8.5 8.5h-17\"\/>\n<\/svg>\n<\/a><\/div><\/div><\/div><\/div><div class=\"ultp-block-item ultp-block-media post-id-2660\"><div class=\"ultp-block-content-wrap\"><div class=\"ultp-block-image ultp-block-image-opacity\"><a href=\"https:\/\/upsra.org.ar\/sitio\/2025\/10\/17\/upsra-dijo-presente-en-el-80-o-aniversario-del-dia-de-la-lealtad\/\" ><img decoding=\"async\"  alt=\"UPSRA dijo presente en el 80.\u00ba aniversario del D\u00eda de la Lealtad\"  src=\"https:\/\/upsra.org.ar\/sitio\/wp-content\/uploads\/2025\/10\/20251017_120947-300x169.jpg\" \/><\/a><\/div><div class=\"ultp-block-content\"><h3 class=\"ultp-block-title \"><a href=\"https:\/\/upsra.org.ar\/sitio\/2025\/10\/17\/upsra-dijo-presente-en-el-80-o-aniversario-del-dia-de-la-lealtad\/\" >UPSRA dijo presente en el 80.\u00ba aniversario del D\u00eda de la Lealtad<\/a><\/h3><div class=\"ultp-block-meta ultp-block-meta-dot ultp-block-meta-icon\"><span class=\"ultp-block-date ultp-block-meta-element\"><svg xmlns=\"http:\/\/www.w3.org\/2000\/svg\" fill=\"none\" viewBox=\"0 0 24 24\">\n  <path stroke=\"currentColor\" stroke-linecap=\"round\" stroke-linejoin=\"round\" stroke-width=\"1.5\" d=\"M3 5.5a2 2 0 0 1 2-2h14a2 2 0 0 1 2 2v14a2 2 0 0 1-2 2H5a2 2 0 0 1-2-2v-14ZM8 2v3m8-3v3M3 9h18\"\/>\n<\/svg>\nOct 17, 2025<\/span><span class=\"ultp-post-read ultp-block-meta-element\"><svg xmlns=\"http:\/\/www.w3.org\/2000\/svg\" fill=\"none\" viewBox=\"0 0 24 24\">\n  <path stroke=\"currentColor\" stroke-linecap=\"round\" stroke-linejoin=\"round\" stroke-width=\"1.5\" d=\"M4 5v14a3 3 0 0 0 3 3h13V8H7a3 3 0 0 1-3-3Zm0 0a3 3 0 0 1 3-3h13M7 5h10\"\/>\n  <path stroke=\"currentColor\" stroke-linecap=\"round\" stroke-linejoin=\"round\" stroke-width=\"1.5\" d=\"M9.5 18.5v-3.092a3 3 0 0 1 .504-1.664l1.219-1.828a.934.934 0 0 1 1.554 0l1.22 1.828a3 3 0 0 1 .503 1.664V18.5m-5-2.5h5\"\/>\n<\/svg>\n2 min read<\/span><\/div><div class=\"ultp-block-excerpt\"><p>Las 62 Organizaciones Peronistas, columna vertebral del movimiento obrero argentino, convocaron a las organizaciones gremiales adheridas a participar del acto central por el D\u00eda de&hellip;<\/p>\n<\/div><div class=\"ultp-block-readmore\"><a aria-label=\"UPSRA dijo presente en el 80.\u00ba aniversario del D\u00eda de la Lealtad\" href=\"https:\/\/upsra.org.ar\/sitio\/2025\/10\/17\/upsra-dijo-presente-en-el-80-o-aniversario-del-dia-de-la-lealtad\/\" >Leer m\u00e0s<svg xmlns=\"http:\/\/www.w3.org\/2000\/svg\" fill=\"none\" viewBox=\"0 0 24 24\">\n  <path stroke=\"currentColor\" stroke-linecap=\"round\" stroke-linejoin=\"round\" stroke-width=\"1.5\" d=\"m12 20.5 8.5-8.5m0 0L12 3.5m8.5 8.5h-17\"\/>\n<\/svg>\n<\/a><\/div><\/div><\/div><\/div><div class=\"ultp-block-item ultp-block-media post-id-2586\"><div class=\"ultp-block-content-wrap\"><div class=\"ultp-block-image ultp-block-image-opacity\"><a href=\"https:\/\/upsra.org.ar\/sitio\/2025\/09\/17\/upsra-inaugura-nueva-sede-en-bahia-blanca-con-obra-social-formacion-profesional-y-presencia-gremial\/\" ><img decoding=\"async\"  alt=\"UPSRA inaugura nueva sede en Bah\u00eda Blanca con Obra Social, Formaci\u00f3n Profesional y presencia gremial\"  src=\"https:\/\/upsra.org.ar\/sitio\/wp-content\/uploads\/2025\/09\/20250912_211530-247x300.jpg\" \/><\/a><\/div><div class=\"ultp-block-content\"><h3 class=\"ultp-block-title \"><a href=\"https:\/\/upsra.org.ar\/sitio\/2025\/09\/17\/upsra-inaugura-nueva-sede-en-bahia-blanca-con-obra-social-formacion-profesional-y-presencia-gremial\/\" >UPSRA inaugura nueva sede en Bah\u00eda Blanca con Obra Social, Formaci\u00f3n Profesional y presencia gremial<\/a><\/h3><div class=\"ultp-block-meta ultp-block-meta-dot ultp-block-meta-icon\"><span class=\"ultp-block-date ultp-block-meta-element\"><svg xmlns=\"http:\/\/www.w3.org\/2000\/svg\" fill=\"none\" viewBox=\"0 0 24 24\">\n  <path stroke=\"currentColor\" stroke-linecap=\"round\" stroke-linejoin=\"round\" stroke-width=\"1.5\" d=\"M3 5.5a2 2 0 0 1 2-2h14a2 2 0 0 1 2 2v14a2 2 0 0 1-2 2H5a2 2 0 0 1-2-2v-14ZM8 2v3m8-3v3M3 9h18\"\/>\n<\/svg>\nSep 17, 2025<\/span><span class=\"ultp-post-read ultp-block-meta-element\"><svg xmlns=\"http:\/\/www.w3.org\/2000\/svg\" fill=\"none\" viewBox=\"0 0 24 24\">\n  <path stroke=\"currentColor\" stroke-linecap=\"round\" stroke-linejoin=\"round\" stroke-width=\"1.5\" d=\"M4 5v14a3 3 0 0 0 3 3h13V8H7a3 3 0 0 1-3-3Zm0 0a3 3 0 0 1 3-3h13M7 5h10\"\/>\n  <path stroke=\"currentColor\" stroke-linecap=\"round\" stroke-linejoin=\"round\" stroke-width=\"1.5\" d=\"M9.5 18.5v-3.092a3 3 0 0 1 .504-1.664l1.219-1.828a.934.934 0 0 1 1.554 0l1.22 1.828a3 3 0 0 1 .503 1.664V18.5m-5-2.5h5\"\/>\n<\/svg>\n3 min read<\/span><\/div><div class=\"ultp-block-excerpt\"><p>Con vocaci\u00f3n militante y decisi\u00f3n pol\u00edtica, UPSRA avanza en la reconstrucci\u00f3n de su presencia institucional en Bah\u00eda Blanca, consolidando una etapa de crecimiento, organizaci\u00f3n y&hellip;<\/p>\n<\/div><div class=\"ultp-block-readmore\"><a aria-label=\"UPSRA inaugura nueva sede en Bah\u00eda Blanca con Obra Social, Formaci\u00f3n Profesional y presencia gremial\" href=\"https:\/\/upsra.org.ar\/sitio\/2025\/09\/17\/upsra-inaugura-nueva-sede-en-bahia-blanca-con-obra-social-formacion-profesional-y-presencia-gremial\/\" >Leer m\u00e0s<svg xmlns=\"http:\/\/www.w3.org\/2000\/svg\" fill=\"none\" viewBox=\"0 0 24 24\">\n  <path stroke=\"currentColor\" stroke-linecap=\"round\" stroke-linejoin=\"round\" stroke-width=\"1.5\" d=\"m12 20.5 8.5-8.5m0 0L12 3.5m8.5 8.5h-17\"\/>\n<\/svg>\n<\/a><\/div><\/div><\/div><\/div><\/div><\/div><div class=\"pagination-block-html\" aria-hidden=\"true\" style=\"display: none;\"><div class=\"ultp-pagination-wrap ultp-pagination-ajax-action\"  data-for=\"ultp-block-9915c6\"  data-blockid=\"9915c6\"  data-expost=\"\"  data-paged=\"1\"  data-pages=\"20\"  data-blockname=\"ultimate-post_post-list-3\"  data-postid=\"1575\"  data-selfpostid=\"yes\" ><ul class=\"ultp-pagination\"><li class=\"ultp-prev-page-numbers\" style=\"display:none\"><a href=\"https:\/\/upsra.org.ar\/sitio\/wp-json\/wp\/v2\/pages\/1575\/\"><svg xmlns=\"http:\/\/www.w3.org\/2000\/svg\" fill=\"none\" viewBox=\"0 0 24 24\">\n  <path stroke=\"currentColor\" stroke-linecap=\"round\" stroke-linejoin=\"round\" stroke-width=\"1.5\" d=\"m15 18-6-6 6-6\"\/>\n<\/svg>\n Anterior<\/a><\/li><li class=\"ultp-first-pages\" style=\"display:none\" data-current=\"1\"><a href=\"https:\/\/upsra.org.ar\/sitio\/wp-json\/wp\/v2\/pages\/1575\/\">1<\/a><\/li><li class=\"ultp-first-dot\"style=\"display:none\"><a href=\"#\">&#8230;<\/a><\/li><li class=\"ultp-center-item pagination-active\" data-current=\"1\"><a href=\"https:\/\/upsra.org.ar\/sitio\/wp-json\/wp\/v2\/pages\/1575\/\">1<\/a><\/li><li class=\"ultp-center-item\" data-current=\"2\" ><a href=\"https:\/\/upsra.org.ar\/sitio\/wp-json\/wp\/v2\/pages\/1575\/page\/2\/\">2<\/a><\/li><li class=\"ultp-center-item\" data-current=\"3\" ><a href=\"https:\/\/upsra.org.ar\/sitio\/wp-json\/wp\/v2\/pages\/1575\/page\/3\/\">3<\/a><\/li><li class=\"ultp-last-dot\" ><a href=\"#\">&#8230;<\/a><\/li><li class=\"ultp-last-pages\" data-current=\"20\"><a href=\"https:\/\/upsra.org.ar\/sitio\/wp-json\/wp\/v2\/pages\/1575\/page\/20\/\">20<\/a><\/li><li class=\"ultp-next-page-numbers\"><a href=\"https:\/\/upsra.org.ar\/sitio\/wp-json\/wp\/v2\/pages\/1575\/page\/2\/\">Siguiente<svg xmlns=\"http:\/\/www.w3.org\/2000\/svg\" fill=\"none\" viewBox=\"0 0 24 24\">\n  <path stroke=\"currentColor\" stroke-linecap=\"round\" stroke-linejoin=\"round\" stroke-width=\"1.5\" d=\"m9 18 6-6-6-6\"\/>\n<\/svg>\n<\/a><\/li><\/ul><\/div><\/div><\/div>\n\n\n<div class=\"wp-block-ultimate-post-post-pagination ultp-block-83ca08 ultp-pagination-block ultp-pagination-wrap\"><div class=\"ultp-pagination-wrap ultp-disable-editor-click ultp-pagination-ajax-action\"><ul class=\"ultp-pagination\"><li><a href=\"#\" class=\"ultp-prev-page-numbers\"><svg enable-background=\"new 0 0 477.175 477.175\" version=\"1.1\" viewBox=\"0 0 477.18 477.18\"><path d=\"m145.19 238.58 215.5-215.5c5.3-5.3 5.3-13.8 0-19.1s-13.8-5.3-19.1 0l-225.1 225.1c-5.3 5.3-5.3 13.8 0 19.1l225.1 225c2.6 2.6 6.1 4 9.5 4s6.9-1.3 9.5-4c5.3-5.3 5.3-13.8 0-19.1l-215.4-215.5z\"><\/path><\/svg> Anterior<\/a><\/li><li><a href=\"#\">1<\/a><\/li><li><a href=\"#\">2<\/a><\/li><li><a href=\"#\">3<\/a><\/li><li><a href=\"#\" class=\"ultp-next-page-numbers\">Siguiente <svg enable-background=\"new 0 0 477.175 477.175\" version=\"1.1\" viewBox=\"0 0 477.18 477.18\"><path d=\"m360.73 229.08-225.1-225.1c-5.3-5.3-13.8-5.3-19.1 0s-5.3 13.8 0 19.1l215.5 215.5-215.5 215.5c-5.3 5.3-5.3 13.8 0 19.1 2.6 2.6 6.1 4 9.5 4s6.9-1.3 9.5-4l225.1-225.1c5.3-5.2 5.3-13.8 0.1-19z\"><\/path><\/svg><\/a><\/li><\/ul><\/div><\/div>\n<\/div>\n\n\n\n<p><\/p>\n","protected":false},"excerpt":{"rendered":"","protected":false},"author":1,"featured_media":0,"parent":0,"menu_order":0,"comment_status":"closed","ping_status":"closed","template":"","meta":{"_themeisle_gutenberg_block_has_review":false,"footnotes":""},"class_list":["post-1575","page","type-page","status-publish","hentry"],"_links":{"self":[{"href":"https:\/\/upsra.org.ar\/sitio\/wp-json\/wp\/v2\/pages\/1575","targetHints":{"allow":["GET"]}}],"collection":[{"href":"https:\/\/upsra.org.ar\/sitio\/wp-json\/wp\/v2\/pages"}],"about":[{"href":"https:\/\/upsra.org.ar\/sitio\/wp-json\/wp\/v2\/types\/page"}],"author":[{"embeddable":true,"href":"https:\/\/upsra.org.ar\/sitio\/wp-json\/wp\/v2\/users\/1"}],"replies":[{"embeddable":true,"href":"https:\/\/upsra.org.ar\/sitio\/wp-json\/wp\/v2\/comments?post=1575"}],"version-history":[{"count":11,"href":"https:\/\/upsra.org.ar\/sitio\/wp-json\/wp\/v2\/pages\/1575\/revisions"}],"predecessor-version":[{"id":1611,"href":"https:\/\/upsra.org.ar\/sitio\/wp-json\/wp\/v2\/pages\/1575\/revisions\/1611"}],"wp:attachment":[{"href":"https:\/\/upsra.org.ar\/sitio\/wp-json\/wp\/v2\/media?parent=1575"}],"curies":[{"name":"wp","href":"https:\/\/api.w.org\/{rel}","templated":true}]}}