{"id":1703,"date":"2025-04-17T10:28:51","date_gmt":"2025-04-17T13:28:51","guid":{"rendered":"https:\/\/upsra.org.ar\/sitio\/?page_id=1703"},"modified":"2026-04-08T13:55:50","modified_gmt":"2026-04-08T16:55:50","slug":"delegaciones2","status":"publish","type":"page","link":"https:\/\/upsra.org.ar\/sitio\/delegaciones2\/","title":{"rendered":"Delegaciones"},"content":{"rendered":"\n<p class=\"has-text-align-left o-typing-slower has-black-color has-text-color has-link-color wp-elements-1bac348b9c6819fa9b676f2140684494\"><strong><em>En este listado vas a encontrar todas las delegaciones gremiales de UPSRA a nivel nacional.<br>Hac\u00e9 clic en el nombre de la delegaci\u00f3n que te corresponde para acceder a toda la informaci\u00f3n:<br>Tambi\u00e9n podr\u00e1s ver las novedades y el trabajo gremial que se realiza en tu zona.<\/em><\/strong><\/p>\n\n\n\n<h3 class=\"wp-block-heading\"><strong>Buenos Aires<\/strong><\/h3>\n\n\n\n<figure class=\"wp-block-table\"><table class=\"has-black-color has-text-color has-link-color has-fixed-layout\"><tbody><tr><td class=\"has-text-align-center\" data-align=\"center\"><a href=\"https:\/\/upsra.org.ar\/sitio\/avellaneda\/\" data-type=\"page\" data-id=\"1558\"><strong>Delegaci\u00f3n Avellaneda<\/strong><\/a><\/td><td class=\"has-text-align-center\" data-align=\"center\"><strong><a href=\"https:\/\/upsra.org.ar\/sitio\/delegaciones2\/delegacion-bahia-blanca\/\">Delegaci\u00f3n Bah\u00eda Blanca<\/a><\/strong><\/td><td class=\"has-text-align-center\" data-align=\"center\"><strong><a href=\"https:\/\/upsra.org.ar\/sitio\/delegacion-chacabuco\/\">Delegaci\u00f3n Chacabuco<\/a><\/strong><\/td><\/tr><tr><td class=\"has-text-align-center\" data-align=\"center\"><strong><a href=\"https:\/\/upsra.org.ar\/sitio\/delegacion-don-torcuato\/\">Delegaci\u00f3n Don Torcuato<\/a><\/strong><\/td><td class=\"has-text-align-center\" data-align=\"center\"><strong><a href=\"https:\/\/upsra.org.ar\/sitio\/delegacion-ensenada\/\">Delegaci\u00f3n Ensenada<\/a><\/strong><\/td><td class=\"has-text-align-center\" data-align=\"center\"><strong><a href=\"https:\/\/upsra.org.ar\/sitio\/delegacion-escobar\/\">Delegaci\u00f3n Escobar<\/a><\/strong><\/td><\/tr><tr><td class=\"has-text-align-center\" data-align=\"center\"><strong><a href=\"https:\/\/upsra.org.ar\/sitio\/delegacion-ezeiza\/\">Delegaci\u00f3n Ezeiza<\/a><\/strong><\/td><td class=\"has-text-align-center\" data-align=\"center\"><strong><a href=\"https:\/\/upsra.org.ar\/sitio\/delegacion-ezeiza-aeropuerto\/\">Delegaci\u00f3n Ezeiza Aeropuerto<\/a><\/strong><\/td><td class=\"has-text-align-center\" data-align=\"center\"><strong><a href=\"https:\/\/upsra.org.ar\/sitio\/delegacion-la-plata\/\">Delegaci\u00f3n La Plata<\/a><\/strong><\/td><\/tr><tr><td class=\"has-text-align-center\" data-align=\"center\"><strong><a href=\"https:\/\/upsra.org.ar\/sitio\/delegacion-lomas-de-zamora\/\">Delegaci\u00f3n Lomas De Zamora<\/a><\/strong><\/td><td class=\"has-text-align-center\" data-align=\"center\"><a href=\"https:\/\/upsra.org.ar\/sitio\/delegacion-mar-del-plata\/\"><strong>Delegaci\u00f3n Mar del Plata<\/strong><\/a><\/td><td class=\"has-text-align-center\" data-align=\"center\"><strong><a href=\"https:\/\/upsra.org.ar\/sitio\/delegacion-moron\/\">Delegaci\u00f3n Moron<\/a><\/strong><\/td><\/tr><tr><td class=\"has-text-align-center\" data-align=\"center\"><strong><a href=\"https:\/\/upsra.org.ar\/sitio\/delegacion-munro\/\">Delegaci\u00f3n Munro<\/a><\/strong><\/td><td class=\"has-text-align-center\" data-align=\"center\"><strong><a href=\"https:\/\/upsra.org.ar\/sitio\/delegacion-necochea\/\">Delegaci\u00f3n Necochea<\/a><\/strong><\/td><td class=\"has-text-align-center\" data-align=\"center\"><strong><a href=\"https:\/\/upsra.org.ar\/sitio\/delegacion-olavarria\/\">Delegaci\u00f3n Olavarria<\/a><\/strong><\/td><\/tr><tr><td class=\"has-text-align-center\" data-align=\"center\"><strong><a href=\"https:\/\/upsra.org.ar\/sitio\/delegacion-pergamino\/\">Delegaci\u00f3n Pergamino<\/a><\/strong><\/td><td class=\"has-text-align-center\" data-align=\"center\"><strong><a href=\"https:\/\/upsra.org.ar\/sitio\/delegacion-pilar\/\">Delegaci\u00f3n Pilar<\/a><\/strong><\/td><td class=\"has-text-align-center\" data-align=\"center\"><strong><a href=\"https:\/\/upsra.org.ar\/sitio\/delegacion-quilmes\/\">Delegaci\u00f3n Quilmes<\/a><\/strong><\/td><\/tr><tr><td class=\"has-text-align-center\" data-align=\"center\"><strong><a href=\"https:\/\/upsra.org.ar\/sitio\/delegacion-san-justo\/\">Delegaci\u00f3n San Justo<\/a><\/strong><\/td><td class=\"has-text-align-center\" data-align=\"center\"><strong><a href=\"https:\/\/upsra.org.ar\/sitio\/delegacion-san-nicolas\/\">Delegaci\u00f3n San Nicolas<\/a><\/strong><\/td><td class=\"has-text-align-center\" data-align=\"center\"><strong><a href=\"https:\/\/upsra.org.ar\/sitio\/delegacion-santa-teresita\/\">Delegaci\u00f3n Santa Teresita<\/a><\/strong><\/td><\/tr><tr><td class=\"has-text-align-center\" data-align=\"center\"><strong><a href=\"https:\/\/upsra.org.ar\/sitio\/delegacion-tandil\/\">Delegaci\u00f3n Tandil<\/a><\/strong><\/td><td class=\"has-text-align-center\" data-align=\"center\"><strong><a href=\"https:\/\/upsra.org.ar\/sitio\/delegacion-zarate\/\">Delegaci\u00f3n Zarate<\/a><\/strong><\/td><td class=\"has-text-align-center\" data-align=\"center\"><a href=\"https:\/\/upsra.org.ar\/sitio\/gremial-caba\/\"><strong>Gremial C.A.B.A<\/strong><\/a><\/td><\/tr><\/tbody><\/table><\/figure>\n\n\n\n<h3 class=\"wp-block-heading\"><strong>Interior Del Pa\u00eds<\/strong><\/h3>\n\n\n\n<figure class=\"wp-block-table\"><table class=\"has-black-color has-text-color has-link-color has-fixed-layout\"><tbody><tr><td class=\"has-text-align-center\" data-align=\"center\"><strong><a href=\"https:\/\/upsra.org.ar\/sitio\/delegacion-catamarca\/\">Delegaci\u00f3n Catamarca<\/a><\/strong><\/td><td class=\"has-text-align-center\" data-align=\"center\"><strong><a href=\"https:\/\/upsra.org.ar\/sitio\/delegacion-chaco\/\">Delegaci\u00f3n Chaco<\/a><\/strong><\/td><td class=\"has-text-align-center\" data-align=\"center\"><strong><a href=\"https:\/\/upsra.org.ar\/sitio\/delegacion-chubut-comodoro-rivadavia\/\">Delegaci\u00f3n Chubut-Comodoro Rivadavia<\/a><\/strong><\/td><\/tr><tr><td class=\"has-text-align-center\" data-align=\"center\"><strong><a href=\"https:\/\/upsra.org.ar\/sitio\/delegacion-chubut-puerto-madryn\/\">Delegaci\u00f3n Chubut-Puerto Madryn<\/a><\/strong><\/td><td class=\"has-text-align-center\" data-align=\"center\"><strong><a href=\"https:\/\/upsra.org.ar\/sitio\/delegacion-chubut-trelew\/\">Delegaci\u00f3n Chubut-Trelew<\/a><\/strong><\/td><td class=\"has-text-align-center\" data-align=\"center\"><strong><a href=\"https:\/\/upsra.org.ar\/sitio\/delegacion-corrientes\/\">Delegaci\u00f3n Corrientes<\/a><\/strong><\/td><\/tr><tr><td class=\"has-text-align-center\" data-align=\"center\"><strong><a href=\"https:\/\/upsra.org.ar\/sitio\/delegacion-entre-rios-concordia\/\">Delegaci\u00f3n Entre Rios Concordia<\/a><\/strong><\/td><td class=\"has-text-align-center\" data-align=\"center\"><strong><a href=\"https:\/\/upsra.org.ar\/sitio\/delegacion-formosa\/\">Delegaci\u00f3n Formosa<\/a><\/strong><\/td><td class=\"has-text-align-center\" data-align=\"center\"><strong><a href=\"https:\/\/upsra.org.ar\/sitio\/delegacion-jujuy\/\">Delegaci\u00f3n Jujuy<\/a><\/strong><\/td><\/tr><tr><td class=\"has-text-align-center\" data-align=\"center\"><strong><a href=\"https:\/\/upsra.org.ar\/sitio\/delegacion-la-rioja\/\">Delegaci\u00f3n La Rioja<\/a><\/strong><\/td><td class=\"has-text-align-center\" data-align=\"center\"><strong><a href=\"https:\/\/upsra.org.ar\/sitio\/delegacion-mendoza\/\" data-type=\"link\" data-id=\"https:\/\/upsra.org.ar\/sitio\/delegacion-mendoza\/\">Delegaci\u00f3n Mendoza<\/a><\/strong><\/td><td class=\"has-text-align-center\" data-align=\"center\"><strong><a href=\"https:\/\/upsra.org.ar\/sitio\/delegacion-mendoza-san-rafael\/\">Delegaci\u00f3n Mendoza-San Rafael<\/a><\/strong><\/td><\/tr><tr><td class=\"has-text-align-center\" data-align=\"center\"><strong><a href=\"https:\/\/upsra.org.ar\/sitio\/delegacion-misiones\/\">Delegaci\u00f3n Misiones<\/a><\/strong><\/td><td class=\"has-text-align-center\" data-align=\"center\"><strong><a href=\"https:\/\/upsra.org.ar\/sitio\/delegacion-neuquen\/\">Delegaci\u00f3n Neuquen<\/a><\/strong><\/td><td class=\"has-text-align-center\" data-align=\"center\"><strong><a href=\"https:\/\/upsra.org.ar\/sitio\/delegacion-rio-negro-bariloche\/\">Delegaci\u00f3n Rio Negro-Bariloche<\/a><\/strong><\/td><\/tr><tr><td class=\"has-text-align-center\" data-align=\"center\"><strong><a href=\"https:\/\/upsra.org.ar\/sitio\/delegacion-rio-negro-general-roca\/\">Delegaci\u00f3n Rio Negro-General Roca<\/a><\/strong><\/td><td class=\"has-text-align-center\" data-align=\"center\"><strong><a href=\"https:\/\/upsra.org.ar\/sitio\/delegacion-salta\/\">Delegaci\u00f3n Salta<\/a><\/strong><\/td><td class=\"has-text-align-center\" data-align=\"center\"><strong><a href=\"https:\/\/upsra.org.ar\/sitio\/delegacion-salta-oran-tartagal\/\">Delegaci\u00f3n Salta Oran-Tartagal<\/a><\/strong><\/td><\/tr><tr><td class=\"has-text-align-center\" data-align=\"center\"><strong><a href=\"https:\/\/upsra.org.ar\/sitio\/delegacion-san-juan\/\">Delegaci\u00f3n San Juan<\/a><\/strong><\/td><td class=\"has-text-align-center\" data-align=\"center\"><strong><a href=\"https:\/\/upsra.org.ar\/sitio\/delegacion-san-luis\/\">Delegaci\u00f3n San Luis<\/a><\/strong><\/td><td class=\"has-text-align-center\" data-align=\"center\"><strong><a href=\"https:\/\/upsra.org.ar\/sitio\/delegacion-santa-cruz\/\">Delegaci\u00f3n Santa Cruz<\/a><\/strong><\/td><\/tr><tr><td class=\"has-text-align-center\" data-align=\"center\"><strong><a href=\"https:\/\/upsra.org.ar\/sitio\/delegacion-santa-fe\/\">Delegaci\u00f3n Santa Fe<\/a><\/strong><\/td><td class=\"has-text-align-center\" data-align=\"center\"><strong><a href=\"https:\/\/upsra.org.ar\/sitio\/delegacion-santa-fe-rosario\/\">Delegaci\u00f3n Santa Fe-Rosario<\/a><\/strong><\/td><td class=\"has-text-align-center\" data-align=\"center\"><strong><a href=\"https:\/\/upsra.org.ar\/sitio\/delegacion-santiago-del-estero\/\">Delegaci\u00f3n Santiago Del Estero<\/a><\/strong><\/td><\/tr><tr><td class=\"has-text-align-center\" data-align=\"center\"><strong><a href=\"https:\/\/upsra.org.ar\/sitio\/delegacion-tierra-del-fuego\/\">Delegaci\u00f3n Tierra Del Fuego<\/a><\/strong><\/td><td class=\"has-text-align-center\" data-align=\"center\"><strong><a href=\"https:\/\/upsra.org.ar\/sitio\/delegacion-tucuman\/\">Delegaci\u00f3n Tucuman<\/a><\/strong><\/td><td class=\"has-text-align-center\" data-align=\"center\"><\/td><\/tr><\/tbody><\/table><\/figure>\n\n\n\n<p><\/p>\n","protected":false},"excerpt":{"rendered":"<p>En este listado vas a encontrar todas las delegaciones gremiales de UPSRA a nivel nacional.Hac\u00e9 clic en el nombre de la delegaci\u00f3n que te corresponde&hellip;<\/p>\n","protected":false},"author":4,"featured_media":0,"parent":0,"menu_order":0,"comment_status":"closed","ping_status":"closed","template":"","meta":{"_themeisle_gutenberg_block_has_review":false,"footnotes":""},"class_list":["post-1703","page","type-page","status-publish","hentry"],"_links":{"self":[{"href":"https:\/\/upsra.org.ar\/sitio\/wp-json\/wp\/v2\/pages\/1703","targetHints":{"allow":["GET"]}}],"collection":[{"href":"https:\/\/upsra.org.ar\/sitio\/wp-json\/wp\/v2\/pages"}],"about":[{"href":"https:\/\/upsra.org.ar\/sitio\/wp-json\/wp\/v2\/types\/page"}],"author":[{"embeddable":true,"href":"https:\/\/upsra.org.ar\/sitio\/wp-json\/wp\/v2\/users\/4"}],"replies":[{"embeddable":true,"href":"https:\/\/upsra.org.ar\/sitio\/wp-json\/wp\/v2\/comments?post=1703"}],"version-history":[{"count":72,"href":"https:\/\/upsra.org.ar\/sitio\/wp-json\/wp\/v2\/pages\/1703\/revisions"}],"predecessor-version":[{"id":2957,"href":"https:\/\/upsra.org.ar\/sitio\/wp-json\/wp\/v2\/pages\/1703\/revisions\/2957"}],"wp:attachment":[{"href":"https:\/\/upsra.org.ar\/sitio\/wp-json\/wp\/v2\/media?parent=1703"}],"curies":[{"name":"wp","href":"https:\/\/api.w.org\/{rel}","templated":true}]}}