{"id":1779,"date":"2025-04-15T16:24:06","date_gmt":"2025-04-15T19:24:06","guid":{"rendered":"https:\/\/upsra.org.ar\/sitio\/?page_id=1779"},"modified":"2025-10-06T10:41:30","modified_gmt":"2025-10-06T13:41:30","slug":"delegacion-bahia-blanca","status":"publish","type":"page","link":"https:\/\/upsra.org.ar\/sitio\/delegaciones2\/delegacion-bahia-blanca\/","title":{"rendered":"Delegaci\u00f3n Bah\u00eda Blanca"},"content":{"rendered":"\n<figure class=\"wp-block-table is-style-regular\"><table class=\"has-black-color has-text-color has-link-color\"><thead><tr><th colspan=\"2\">BAH\u00cdA BLANCA-BS AS<\/th><\/tr><\/thead><tbody><tr><td>DELEGADO REGIONAL BAH\u00cdA BLANCA<\/td><td><strong>RIOS, DIEGO<\/strong> (Tel: 291-5104-613)<\/td><\/tr><tr><td>Direcci\u00f3n<\/td><td>Lamadrid 212<\/td><\/tr><tr><td>C\u00f3digo Postal<\/td><td>8000<\/td><\/tr><tr><td>Tel\u00e9fono Fijo<\/td><td>&#8211;<\/td><\/tr><tr><td>Email<\/td><td>debahiablanca@upsra.org.ar<\/td><\/tr><tr><td>Horario de atenci\u00f3n<\/td><td>&#8211;<\/td><\/tr><\/tbody><\/table><\/figure>\n\n\n<div  class=\"ultp-post-grid-block wp-block-ultimate-post-post-grid-2 ultp-block-1e4987\"><div class=\"ultp-block-wrapper\"><div class=\"ultp-loading\"><div class=\"ultp-loading-blocks\" style=\"width:100%;height:100%;\"><div style=\"left: 0;top: 0;animation-delay:0s;\"><\/div><div style=\"left: 21px;top: 0;animation-delay:0.125s;\"><\/div><div style=\"left: 42px;top: 0;animation-delay:0.25s;\"><\/div><div style=\"left: 0;top: 21px;animation-delay:0.875s;\"><\/div><div style=\"left: 42px;top: 21px;animation-delay:0.375s;\"><\/div><div style=\"left: 0;top: 42px;animation-delay:0.75s;\"><\/div><div style=\"left: 42px;top: 42px;animation-delay:0.625s;\"><\/div><div style=\"left: 21px;top: 42px;animation-delay:0.5s;\"><\/div><\/div><\/div><div class=\"ultp-block-items-wrap ultp-block-row\"><div class=\"ultp-block-item post-id-1513\"><div class=\"ultp-block-content-wrap ultp-block-content-overlay\"><div class=\"ultp-block-image ultp-block-image-zoomOut ultp-block-image-overlay ultp-block-image-flat\"><a href=\"https:\/\/upsra.org.ar\/sitio\/2025\/03\/26\/upsra-presente-en-bahia-blanca\/\" ><img decoding=\"async\"  alt=\"UPSRA presente en Bah\u00eda Blanca\"  src=\"https:\/\/upsra.org.ar\/sitio\/wp-content\/uploads\/2025\/03\/IMG-20250320-WA0033-768x352-1.jpg\" \/><\/a><\/div><div class=\"ultp-block-content ultp-block-content-bottomPosition\"><div class=\"ultp-block-content-inner\"><div class=\"ultp-category-grid ultp-category-classic ultp-category-aboveTitle\"><div class=\"ultp-category-in\"><a class=\"ultp-cat-noticias\" href=\"https:\/\/upsra.org.ar\/sitio\/category\/noticias\/\"  >noticias<\/a><a class=\"ultp-cat-noticias-bahiablanca\" href=\"https:\/\/upsra.org.ar\/sitio\/category\/noticias-bahiablanca\/\"  >Noticias-BahiaBlanca<\/a><\/div><\/div><h3 class=\"ultp-block-title \"><a href=\"https:\/\/upsra.org.ar\/sitio\/2025\/03\/26\/upsra-presente-en-bahia-blanca\/\" >UPSRA presente en Bah\u00eda Blanca<\/a><\/h3><div class=\"ultp-block-meta ultp-block-meta-dot ultp-block-meta-icon\"><span class=\"ultp-block-author ultp-block-meta-element\"><svg xmlns=\"http:\/\/www.w3.org\/2000\/svg\" fill=\"none\" viewBox=\"0 0 24 24\">\n  <circle cx=\"12\" cy=\"7\" r=\"4\" stroke=\"currentColor\" stroke-linejoin=\"round\" stroke-width=\"1.5\"\/>\n  <path stroke=\"currentColor\" stroke-linecap=\"round\" stroke-linejoin=\"round\" stroke-width=\"1.5\" d=\"M4 21v-3a4 4 0 0 1 4-4h8a4 4 0 0 1 4 4v3\"\/>\n<\/svg>\n<a class=\"ultp-meta-author-no-link\" href=\"\">upsra_admin<\/a><\/span><span class=\"ultp-block-date ultp-block-meta-element\"><svg xmlns=\"http:\/\/www.w3.org\/2000\/svg\" fill=\"none\" viewBox=\"0 0 24 24\">\n  <path stroke=\"currentColor\" stroke-linecap=\"round\" stroke-linejoin=\"round\" stroke-width=\"1.5\" d=\"M3 5.5a2 2 0 0 1 2-2h14a2 2 0 0 1 2 2v14a2 2 0 0 1-2 2H5a2 2 0 0 1-2-2v-14ZM8 2v3m8-3v3M3 9h18\"\/>\n<\/svg>\nMar 26, 2025<\/span><\/div><\/div><\/div><\/div><\/div><\/div><\/div><div class=\"pagination-block-html\" aria-hidden=\"true\" style=\"display: none;\"><\/div><\/div>","protected":false},"excerpt":{"rendered":"<p>BAH\u00cdA BLANCA-BS AS DELEGADO REGIONAL BAH\u00cdA BLANCA RIOS, DIEGO (Tel: 291-5104-613) Direcci\u00f3n Lamadrid 212 C\u00f3digo Postal 8000 Tel\u00e9fono Fijo &#8211; Email debahiablanca@upsra.org.ar Horario de atenci\u00f3n&hellip;<\/p>\n","protected":false},"author":4,"featured_media":0,"parent":1703,"menu_order":0,"comment_status":"closed","ping_status":"closed","template":"","meta":{"_themeisle_gutenberg_block_has_review":false,"footnotes":""},"class_list":["post-1779","page","type-page","status-publish","hentry"],"_links":{"self":[{"href":"https:\/\/upsra.org.ar\/sitio\/wp-json\/wp\/v2\/pages\/1779","targetHints":{"allow":["GET"]}}],"collection":[{"href":"https:\/\/upsra.org.ar\/sitio\/wp-json\/wp\/v2\/pages"}],"about":[{"href":"https:\/\/upsra.org.ar\/sitio\/wp-json\/wp\/v2\/types\/page"}],"author":[{"embeddable":true,"href":"https:\/\/upsra.org.ar\/sitio\/wp-json\/wp\/v2\/users\/4"}],"replies":[{"embeddable":true,"href":"https:\/\/upsra.org.ar\/sitio\/wp-json\/wp\/v2\/comments?post=1779"}],"version-history":[{"count":7,"href":"https:\/\/upsra.org.ar\/sitio\/wp-json\/wp\/v2\/pages\/1779\/revisions"}],"predecessor-version":[{"id":2610,"href":"https:\/\/upsra.org.ar\/sitio\/wp-json\/wp\/v2\/pages\/1779\/revisions\/2610"}],"up":[{"embeddable":true,"href":"https:\/\/upsra.org.ar\/sitio\/wp-json\/wp\/v2\/pages\/1703"}],"wp:attachment":[{"href":"https:\/\/upsra.org.ar\/sitio\/wp-json\/wp\/v2\/media?parent=1779"}],"curies":[{"name":"wp","href":"https:\/\/api.w.org\/{rel}","templated":true}]}}