{"id":1787,"date":"2025-04-15T16:24:34","date_gmt":"2025-04-15T19:24:34","guid":{"rendered":"https:\/\/upsra.org.ar\/sitio\/?page_id=1787"},"modified":"2025-05-06T19:02:57","modified_gmt":"2025-05-06T22:02:57","slug":"delegacion-don-torcuato","status":"publish","type":"page","link":"https:\/\/upsra.org.ar\/sitio\/delegaciones2\/delegacion-don-torcuato\/","title":{"rendered":"Delegaci\u00f3n Don Torcuato"},"content":{"rendered":"\n<figure class=\"wp-block-table is-style-regular\"><table class=\"has-black-color has-text-color has-link-color\"><thead><tr><th colspan=\"2\">DON TORCUATO-BS AS<\/th><\/tr><\/thead><tbody><tr><td>DELEGADO REGIONAL DON TORCUATO-TIGRE<\/td><td><strong>FERRARA, VICENTE<\/strong> (Tel: 11-5313-4960)<\/td><\/tr><tr><td>Direcci\u00f3n<\/td><td>Av. del Trabajo 2184<\/td><\/tr><tr><td>C\u00f3digo Postal<\/td><td>1611<\/td><\/tr><tr><td>Tel\u00e9fono Fijo<\/td><td>4741-5532<\/td><\/tr><tr><td>Email<\/td><td><a href=\"mailto:detorcuato@upsra.org.ar\">detorcuato@upsra.org.ar<\/a><\/td><\/tr><tr><td>Horario<\/td><td>9-17 hs<\/td><\/tr><\/tbody><\/table><\/figure>\n","protected":false},"excerpt":{"rendered":"<p>DON TORCUATO-BS AS DELEGADO REGIONAL DON TORCUATO-TIGRE FERRARA, VICENTE (Tel: 11-5313-4960) Direcci\u00f3n Av. del Trabajo 2184 C\u00f3digo Postal 1611 Tel\u00e9fono Fijo 4741-5532 Email detorcuato@upsra.org.ar Horario&hellip;<\/p>\n","protected":false},"author":4,"featured_media":0,"parent":1703,"menu_order":0,"comment_status":"closed","ping_status":"closed","template":"","meta":{"_themeisle_gutenberg_block_has_review":false,"footnotes":""},"class_list":["post-1787","page","type-page","status-publish","hentry"],"_links":{"self":[{"href":"https:\/\/upsra.org.ar\/sitio\/wp-json\/wp\/v2\/pages\/1787","targetHints":{"allow":["GET"]}}],"collection":[{"href":"https:\/\/upsra.org.ar\/sitio\/wp-json\/wp\/v2\/pages"}],"about":[{"href":"https:\/\/upsra.org.ar\/sitio\/wp-json\/wp\/v2\/types\/page"}],"author":[{"embeddable":true,"href":"https:\/\/upsra.org.ar\/sitio\/wp-json\/wp\/v2\/users\/4"}],"replies":[{"embeddable":true,"href":"https:\/\/upsra.org.ar\/sitio\/wp-json\/wp\/v2\/comments?post=1787"}],"version-history":[{"count":3,"href":"https:\/\/upsra.org.ar\/sitio\/wp-json\/wp\/v2\/pages\/1787\/revisions"}],"predecessor-version":[{"id":2049,"href":"https:\/\/upsra.org.ar\/sitio\/wp-json\/wp\/v2\/pages\/1787\/revisions\/2049"}],"up":[{"embeddable":true,"href":"https:\/\/upsra.org.ar\/sitio\/wp-json\/wp\/v2\/pages\/1703"}],"wp:attachment":[{"href":"https:\/\/upsra.org.ar\/sitio\/wp-json\/wp\/v2\/media?parent=1787"}],"curies":[{"name":"wp","href":"https:\/\/api.w.org\/{rel}","templated":true}]}}