{"id":1791,"date":"2025-04-15T16:25:10","date_gmt":"2025-04-15T19:25:10","guid":{"rendered":"https:\/\/upsra.org.ar\/sitio\/?page_id=1791"},"modified":"2026-03-25T16:09:21","modified_gmt":"2026-03-25T19:09:21","slug":"delegacion-escobar","status":"publish","type":"page","link":"https:\/\/upsra.org.ar\/sitio\/delegaciones2\/delegacion-escobar\/","title":{"rendered":"Delegaci\u00f3n Escobar"},"content":{"rendered":"\n<figure class=\"wp-block-table is-style-regular\"><table class=\"has-black-color has-text-color has-link-color\"><thead><tr><th colspan=\"2\">ESCOBAR-BUENOS AIRES<\/th><\/tr><\/thead><tbody><tr><td>DELEGADO REGIONAL ESCOBAR<\/td><td><strong>REYNOSO, EZEQUIEL<\/strong> (Tel: 11-5761-0274)<\/td><\/tr><tr><td>Direcci\u00f3n<\/td><td>HIPOLITO YRIGOYEN 509 (Entre Florentino Ameghino y Tapia de Cruz)<\/td><\/tr><tr><td>C\u00f3digo Postal<\/td><td>1625<\/td><\/tr><tr><td>Tel\u00e9fono Fijo<\/td><td>348-4724-447<\/td><\/tr><tr><td>Email<\/td><td><a href=\"mailto:deescobar@upsra.org.ar\">deescobar@upsra.org.ar<\/a><\/td><\/tr><tr><td>Horario<\/td><td>10-16 hs<\/td><\/tr><\/tbody><\/table><\/figure>\n","protected":false},"excerpt":{"rendered":"<p>ESCOBAR-BUENOS AIRES DELEGADO REGIONAL ESCOBAR REYNOSO, EZEQUIEL (Tel: 11-5761-0274) Direcci\u00f3n HIPOLITO YRIGOYEN 509 (Entre Florentino Ameghino y Tapia de Cruz) C\u00f3digo Postal 1625 Tel\u00e9fono Fijo&hellip;<\/p>\n","protected":false},"author":4,"featured_media":0,"parent":1703,"menu_order":0,"comment_status":"closed","ping_status":"closed","template":"","meta":{"_themeisle_gutenberg_block_has_review":false,"footnotes":""},"class_list":["post-1791","page","type-page","status-publish","hentry"],"_links":{"self":[{"href":"https:\/\/upsra.org.ar\/sitio\/wp-json\/wp\/v2\/pages\/1791","targetHints":{"allow":["GET"]}}],"collection":[{"href":"https:\/\/upsra.org.ar\/sitio\/wp-json\/wp\/v2\/pages"}],"about":[{"href":"https:\/\/upsra.org.ar\/sitio\/wp-json\/wp\/v2\/types\/page"}],"author":[{"embeddable":true,"href":"https:\/\/upsra.org.ar\/sitio\/wp-json\/wp\/v2\/users\/4"}],"replies":[{"embeddable":true,"href":"https:\/\/upsra.org.ar\/sitio\/wp-json\/wp\/v2\/comments?post=1791"}],"version-history":[{"count":5,"href":"https:\/\/upsra.org.ar\/sitio\/wp-json\/wp\/v2\/pages\/1791\/revisions"}],"predecessor-version":[{"id":2947,"href":"https:\/\/upsra.org.ar\/sitio\/wp-json\/wp\/v2\/pages\/1791\/revisions\/2947"}],"up":[{"embeddable":true,"href":"https:\/\/upsra.org.ar\/sitio\/wp-json\/wp\/v2\/pages\/1703"}],"wp:attachment":[{"href":"https:\/\/upsra.org.ar\/sitio\/wp-json\/wp\/v2\/media?parent=1791"}],"curies":[{"name":"wp","href":"https:\/\/api.w.org\/{rel}","templated":true}]}}