{"id":1795,"date":"2025-04-15T16:25:31","date_gmt":"2025-04-15T19:25:31","guid":{"rendered":"https:\/\/upsra.org.ar\/sitio\/?page_id=1795"},"modified":"2025-05-06T18:58:51","modified_gmt":"2025-05-06T21:58:51","slug":"delegacion-ezeiza-aeropuerto","status":"publish","type":"page","link":"https:\/\/upsra.org.ar\/sitio\/delegaciones2\/delegacion-ezeiza-aeropuerto\/","title":{"rendered":"Delegaci\u00f3n Ezeiza Aeropuerto"},"content":{"rendered":"\n<figure class=\"wp-block-table is-style-stripes\"><table class=\"has-black-color has-text-color has-link-color\"><thead><tr><th colspan=\"2\">EZEIZA-AEROPUERTO-BS AS<\/th><\/tr><\/thead><tbody><tr><td>DELEGADO AEROPORTUARIO<\/td><td><strong>MART\u00cdNEZ, DANIEL<\/strong> (Tel: 11-4066-8599)<\/td><\/tr><tr><td>Direcci\u00f3n:<\/td><td>Au. Ricchieri km 33.5<\/td><\/tr><tr><td>C.P.:<\/td><td>1802<\/td><\/tr><tr><td>Tel\u00e9fono Fijo:<\/td><td>&#8211;<\/td><\/tr><tr><td>Email:<\/td><td><a href=\"mailto:deezeiza.aeropuerto@upsra.org.ar\">deezeiza.aeropuerto@upsra.org.ar<\/a><\/td><\/tr><tr><td>Horario:<\/td><td>&#8211;<\/td><\/tr><\/tbody><\/table><\/figure>\n\n\n\n<p><\/p>\n","protected":false},"excerpt":{"rendered":"<p>EZEIZA-AEROPUERTO-BS AS DELEGADO AEROPORTUARIO MART\u00cdNEZ, DANIEL (Tel: 11-4066-8599) Direcci\u00f3n: Au. Ricchieri km 33.5 C.P.: 1802 Tel\u00e9fono Fijo: &#8211; Email: deezeiza.aeropuerto@upsra.org.ar Horario: &#8211;<\/p>\n","protected":false},"author":4,"featured_media":0,"parent":1703,"menu_order":0,"comment_status":"closed","ping_status":"closed","template":"","meta":{"_themeisle_gutenberg_block_has_review":false,"footnotes":""},"class_list":["post-1795","page","type-page","status-publish","hentry"],"_links":{"self":[{"href":"https:\/\/upsra.org.ar\/sitio\/wp-json\/wp\/v2\/pages\/1795","targetHints":{"allow":["GET"]}}],"collection":[{"href":"https:\/\/upsra.org.ar\/sitio\/wp-json\/wp\/v2\/pages"}],"about":[{"href":"https:\/\/upsra.org.ar\/sitio\/wp-json\/wp\/v2\/types\/page"}],"author":[{"embeddable":true,"href":"https:\/\/upsra.org.ar\/sitio\/wp-json\/wp\/v2\/users\/4"}],"replies":[{"embeddable":true,"href":"https:\/\/upsra.org.ar\/sitio\/wp-json\/wp\/v2\/comments?post=1795"}],"version-history":[{"count":2,"href":"https:\/\/upsra.org.ar\/sitio\/wp-json\/wp\/v2\/pages\/1795\/revisions"}],"predecessor-version":[{"id":2044,"href":"https:\/\/upsra.org.ar\/sitio\/wp-json\/wp\/v2\/pages\/1795\/revisions\/2044"}],"up":[{"embeddable":true,"href":"https:\/\/upsra.org.ar\/sitio\/wp-json\/wp\/v2\/pages\/1703"}],"wp:attachment":[{"href":"https:\/\/upsra.org.ar\/sitio\/wp-json\/wp\/v2\/media?parent=1795"}],"curies":[{"name":"wp","href":"https:\/\/api.w.org\/{rel}","templated":true}]}}