{"id":1802,"date":"2025-04-15T16:26:30","date_gmt":"2025-04-15T19:26:30","guid":{"rendered":"https:\/\/upsra.org.ar\/sitio\/?page_id=1802"},"modified":"2025-05-06T19:10:20","modified_gmt":"2025-05-06T22:10:20","slug":"delegacion-mar-del-plata","status":"publish","type":"page","link":"https:\/\/upsra.org.ar\/sitio\/delegaciones2\/delegacion-mar-del-plata\/","title":{"rendered":"Delegaci\u00f3n Mar del Plata"},"content":{"rendered":"\n<figure class=\"wp-block-table\"><table class=\"has-black-color has-text-color has-link-color has-fixed-layout\"><thead><tr><th colspan=\"2\">MAR DEL PLATA-BS AS<\/th><\/tr><\/thead><tbody><tr><td>DELEGADO REGIONAL MAR DEL PLATA<\/td><td><strong>CHIARIOTTI, YAMIL<\/strong> (Tel: 223-5651-293)<\/td><\/tr><tr><td>Direcci\u00f3n<\/td><td>Tucuman 2271<\/td><\/tr><tr><td>C\u00f3digo Postal<\/td><td>7600<\/td><\/tr><tr><td>Tel\u00e9fono Fijo<\/td><td>223-5123-788<\/td><\/tr><tr><td>Email<\/td><td><a href=\"mailto:demardelplata@upsra.org.ar\">demardelplata@upsra.org.ar<\/a><\/td><\/tr><tr><td>Horario<\/td><td>9-16 hs<\/td><\/tr><\/tbody><\/table><\/figure>\n\n\n\n<p><\/p>\n","protected":false},"excerpt":{"rendered":"<p>MAR DEL PLATA-BS AS DELEGADO REGIONAL MAR DEL PLATA CHIARIOTTI, YAMIL (Tel: 223-5651-293) Direcci\u00f3n Tucuman 2271 C\u00f3digo Postal 7600 Tel\u00e9fono Fijo 223-5123-788 Email demardelplata@upsra.org.ar Horario&hellip;<\/p>\n","protected":false},"author":4,"featured_media":0,"parent":1703,"menu_order":0,"comment_status":"closed","ping_status":"closed","template":"","meta":{"_themeisle_gutenberg_block_has_review":false,"footnotes":""},"class_list":["post-1802","page","type-page","status-publish","hentry"],"_links":{"self":[{"href":"https:\/\/upsra.org.ar\/sitio\/wp-json\/wp\/v2\/pages\/1802","targetHints":{"allow":["GET"]}}],"collection":[{"href":"https:\/\/upsra.org.ar\/sitio\/wp-json\/wp\/v2\/pages"}],"about":[{"href":"https:\/\/upsra.org.ar\/sitio\/wp-json\/wp\/v2\/types\/page"}],"author":[{"embeddable":true,"href":"https:\/\/upsra.org.ar\/sitio\/wp-json\/wp\/v2\/users\/4"}],"replies":[{"embeddable":true,"href":"https:\/\/upsra.org.ar\/sitio\/wp-json\/wp\/v2\/comments?post=1802"}],"version-history":[{"count":2,"href":"https:\/\/upsra.org.ar\/sitio\/wp-json\/wp\/v2\/pages\/1802\/revisions"}],"predecessor-version":[{"id":2055,"href":"https:\/\/upsra.org.ar\/sitio\/wp-json\/wp\/v2\/pages\/1802\/revisions\/2055"}],"up":[{"embeddable":true,"href":"https:\/\/upsra.org.ar\/sitio\/wp-json\/wp\/v2\/pages\/1703"}],"wp:attachment":[{"href":"https:\/\/upsra.org.ar\/sitio\/wp-json\/wp\/v2\/media?parent=1802"}],"curies":[{"name":"wp","href":"https:\/\/api.w.org\/{rel}","templated":true}]}}