{"id":1819,"date":"2025-04-15T16:23:42","date_gmt":"2025-04-15T19:23:42","guid":{"rendered":"https:\/\/upsra.org.ar\/sitio\/?page_id=1819"},"modified":"2025-04-15T16:23:42","modified_gmt":"2025-04-15T19:23:42","slug":"delegacion-pilar","status":"publish","type":"page","link":"https:\/\/upsra.org.ar\/sitio\/delegaciones2\/delegacion-pilar\/","title":{"rendered":"Delegaci\u00f3n Pilar"},"content":{"rendered":"\n<figure class=\"wp-block-table\">\r\n<table>\r\n<thead>\r\n<tr>\r\n<th colspan=\"2\">PILAR-BUENOS AIRES<\/th>\r\n<\/tr>\r\n<\/thead>\r\n<tbody>\r\n<tr>\r\n<td>DELEGADO REGIONAL PILAR<\/td>\r\n<td><strong>FERNANDEZ, MARTIN<\/strong> (Tel: 230-4588-034)<\/td>\r\n<\/tr>\r\n<tr>\r\n<td>Direcci\u00f3n<\/td>\r\n<td>Fermin Gamboa 665<\/td>\r\n<\/tr>\r\n<tr>\r\n<td>C\u00f3digo Postal<\/td>\r\n<td>1629<\/td>\r\n<\/tr>\r\n<tr>\r\n<td>Tel\u00e9fono Fijo<\/td>\r\n<td>230-4232-733<\/td>\r\n<\/tr>\r\n<tr>\r\n<td>Email<\/td>\r\n<td><a href=\"mailto:depilar@upsra.org.ar\">depilar@upsra.org.ar<\/a><\/td>\r\n<\/tr>\r\n<tr>\r\n<td>Horario<\/td>\r\n<td>10-16 hs<\/td>\r\n<\/tr>\r\n<\/tbody>\r\n<\/table>\r\n<\/figure>\n","protected":false},"excerpt":{"rendered":"<p>PILAR-BUENOS AIRES DELEGADO REGIONAL PILAR FERNANDEZ, MARTIN (Tel: 230-4588-034) Direcci\u00f3n Fermin Gamboa 665 C\u00f3digo Postal 1629 Tel\u00e9fono Fijo 230-4232-733 Email depilar@upsra.org.ar Horario 10-16 hs<\/p>\n","protected":false},"author":4,"featured_media":0,"parent":1703,"menu_order":0,"comment_status":"closed","ping_status":"closed","template":"","meta":{"_themeisle_gutenberg_block_has_review":false,"footnotes":""},"class_list":["post-1819","page","type-page","status-publish","hentry"],"_links":{"self":[{"href":"https:\/\/upsra.org.ar\/sitio\/wp-json\/wp\/v2\/pages\/1819","targetHints":{"allow":["GET"]}}],"collection":[{"href":"https:\/\/upsra.org.ar\/sitio\/wp-json\/wp\/v2\/pages"}],"about":[{"href":"https:\/\/upsra.org.ar\/sitio\/wp-json\/wp\/v2\/types\/page"}],"author":[{"embeddable":true,"href":"https:\/\/upsra.org.ar\/sitio\/wp-json\/wp\/v2\/users\/4"}],"replies":[{"embeddable":true,"href":"https:\/\/upsra.org.ar\/sitio\/wp-json\/wp\/v2\/comments?post=1819"}],"version-history":[{"count":1,"href":"https:\/\/upsra.org.ar\/sitio\/wp-json\/wp\/v2\/pages\/1819\/revisions"}],"predecessor-version":[{"id":1820,"href":"https:\/\/upsra.org.ar\/sitio\/wp-json\/wp\/v2\/pages\/1819\/revisions\/1820"}],"up":[{"embeddable":true,"href":"https:\/\/upsra.org.ar\/sitio\/wp-json\/wp\/v2\/pages\/1703"}],"wp:attachment":[{"href":"https:\/\/upsra.org.ar\/sitio\/wp-json\/wp\/v2\/media?parent=1819"}],"curies":[{"name":"wp","href":"https:\/\/api.w.org\/{rel}","templated":true}]}}