{"id":1822,"date":"2025-04-15T16:23:31","date_gmt":"2025-04-15T19:23:31","guid":{"rendered":"https:\/\/upsra.org.ar\/sitio\/?page_id=1822"},"modified":"2025-04-15T16:23:31","modified_gmt":"2025-04-15T19:23:31","slug":"delegacion-quilmes","status":"publish","type":"page","link":"https:\/\/upsra.org.ar\/sitio\/delegaciones2\/delegacion-quilmes\/","title":{"rendered":"Delegaci\u00f3n Quilmes"},"content":{"rendered":"\n<figure class=\"wp-block-table\">\r\n<table>\r\n<thead>\r\n<tr>\r\n<th colspan=\"2\">QUILMES-BUENOS AIRES<\/th>\r\n<\/tr>\r\n<\/thead>\r\n<tbody>\r\n<tr>\r\n<td>DELEGADO REGIONAL QUILMES<\/td>\r\n<td><strong>CENTANNI, DANTE<\/strong> (Tel: 11-6290-7321)<\/td>\r\n<\/tr>\r\n<tr>\r\n<td>Direcci\u00f3n<\/td>\r\n<td>Suipacha 119<\/td>\r\n<\/tr>\r\n<tr>\r\n<td>C\u00f3digo Postal<\/td>\r\n<td>1878<\/td>\r\n<\/tr>\r\n<tr>\r\n<td>Tel\u00e9fono Fijo<\/td>\r\n<td>11-7507-1926<\/td>\r\n<\/tr>\r\n<tr>\r\n<td>Email<\/td>\r\n<td><a href=\"mailto:dequilmes@upsra.org.ar\">dequilmes@upsra.org.ar<\/a><\/td>\r\n<\/tr>\r\n<tr>\r\n<td>Horario<\/td>\r\n<td>9-15 hs<\/td>\r\n<\/tr>\r\n<\/tbody>\r\n<\/table>\r\n<\/figure>\n","protected":false},"excerpt":{"rendered":"<p>QUILMES-BUENOS AIRES DELEGADO REGIONAL QUILMES CENTANNI, DANTE (Tel: 11-6290-7321) Direcci\u00f3n Suipacha 119 C\u00f3digo Postal 1878 Tel\u00e9fono Fijo 11-7507-1926 Email dequilmes@upsra.org.ar Horario 9-15 hs<\/p>\n","protected":false},"author":4,"featured_media":0,"parent":1703,"menu_order":0,"comment_status":"closed","ping_status":"closed","template":"","meta":{"_themeisle_gutenberg_block_has_review":false,"footnotes":""},"class_list":["post-1822","page","type-page","status-publish","hentry"],"_links":{"self":[{"href":"https:\/\/upsra.org.ar\/sitio\/wp-json\/wp\/v2\/pages\/1822","targetHints":{"allow":["GET"]}}],"collection":[{"href":"https:\/\/upsra.org.ar\/sitio\/wp-json\/wp\/v2\/pages"}],"about":[{"href":"https:\/\/upsra.org.ar\/sitio\/wp-json\/wp\/v2\/types\/page"}],"author":[{"embeddable":true,"href":"https:\/\/upsra.org.ar\/sitio\/wp-json\/wp\/v2\/users\/4"}],"replies":[{"embeddable":true,"href":"https:\/\/upsra.org.ar\/sitio\/wp-json\/wp\/v2\/comments?post=1822"}],"version-history":[{"count":1,"href":"https:\/\/upsra.org.ar\/sitio\/wp-json\/wp\/v2\/pages\/1822\/revisions"}],"predecessor-version":[{"id":1823,"href":"https:\/\/upsra.org.ar\/sitio\/wp-json\/wp\/v2\/pages\/1822\/revisions\/1823"}],"up":[{"embeddable":true,"href":"https:\/\/upsra.org.ar\/sitio\/wp-json\/wp\/v2\/pages\/1703"}],"wp:attachment":[{"href":"https:\/\/upsra.org.ar\/sitio\/wp-json\/wp\/v2\/media?parent=1822"}],"curies":[{"name":"wp","href":"https:\/\/api.w.org\/{rel}","templated":true}]}}