{"id":1828,"date":"2025-04-15T16:23:06","date_gmt":"2025-04-15T19:23:06","guid":{"rendered":"https:\/\/upsra.org.ar\/sitio\/?page_id=1828"},"modified":"2026-01-26T18:43:11","modified_gmt":"2026-01-26T21:43:11","slug":"delegacion-san-nicolas","status":"publish","type":"page","link":"https:\/\/upsra.org.ar\/sitio\/delegaciones2\/delegacion-san-nicolas\/","title":{"rendered":"Delegaci\u00f3n San Nicolas"},"content":{"rendered":"\n<figure class=\"wp-block-table\">\r\n<table>\r\n<thead>\r\n<tr>\r\n<th colspan=\"2\">SAN NICOLAS-BUENOS AIRES<\/th>\r\n<\/tr>\r\n<\/thead>\r\n<tbody>\r\n<tr>\r\n<td>DELEGADO REGIONAL SAN NICOLAS<\/td>\r\n<td><strong>MAMOLI, ROBERTO JUAN CARLOS<\/strong> (Tel: 336-4520-698)<\/td>\r\n<\/tr>\r\n<tr>\r\n<td>Direcci\u00f3n<\/td>\r\n<td>Almafuerte 29<\/td>\r\n<\/tr>\r\n<tr>\r\n<td>C\u00f3digo Postal<\/td>\r\n<td>2900<\/td>\r\n<\/tr>\r\n<tr>\r\n<td>Tel\u00e9fono Fijo<\/td>\r\n<td>336-4431-697<\/td>\r\n<\/tr>\r\n<tr>\r\n<td>Email<\/td>\r\n<td><a href=\"mailto:desannicolas@upsra.org.ar\">desannicolas@upsra.org.ar<\/a><\/td>\r\n<\/tr>\r\n<tr>\r\n<td>Horario<\/td>\r\n<td>9-16 hs<\/td>\r\n<\/tr>\r\n<\/tbody>\r\n<\/table>\r\n<\/figure>\n\n\n<div  class=\"ultp-post-grid-block wp-block-ultimate-post-post-grid-2 ultp-block-9021c6\"><div class=\"ultp-block-wrapper\"><div class=\"ultp-loading\"><div class=\"ultp-loading-blocks\" style=\"width:100%;height:100%;\"><div style=\"left: 0;top: 0;animation-delay:0s;\"><\/div><div style=\"left: 21px;top: 0;animation-delay:0.125s;\"><\/div><div style=\"left: 42px;top: 0;animation-delay:0.25s;\"><\/div><div style=\"left: 0;top: 21px;animation-delay:0.875s;\"><\/div><div style=\"left: 42px;top: 21px;animation-delay:0.375s;\"><\/div><div style=\"left: 0;top: 42px;animation-delay:0.75s;\"><\/div><div style=\"left: 42px;top: 42px;animation-delay:0.625s;\"><\/div><div style=\"left: 21px;top: 42px;animation-delay:0.5s;\"><\/div><\/div><\/div><div class=\"ultp-block-items-wrap ultp-block-row\"><div class=\"ultp-block-item post-id-2988\"><div class=\"ultp-block-content-wrap ultp-block-content-overlay\"><div class=\"ultp-block-image ultp-block-image-zoomOut ultp-block-image-overlay ultp-block-image-flat\"><a href=\"https:\/\/upsra.org.ar\/sitio\/2026\/04\/30\/convenio-turistico-para-afiliados-y-afiliadas-de-todo-el-pais\/\" ><img decoding=\"async\"  alt=\"Convenio tur\u00edstico para afiliados y afiliadas de todo el pa\u00eds\"  src=\"https:\/\/upsra.org.ar\/sitio\/wp-content\/uploads\/2026\/04\/san-juan-convenio-turismo-870x570.png\" \/><\/a><\/div><div class=\"ultp-block-content ultp-block-content-bottomPosition\"><div class=\"ultp-block-content-inner\"><div class=\"ultp-category-grid ultp-category-classic ultp-category-aboveTitle\"><div class=\"ultp-category-in\"><a class=\"ultp-cat-noticias-sanjuan\" href=\"https:\/\/upsra.org.ar\/sitio\/category\/noticias-sanjuan\/\"  >Noticias-Sanjuan<\/a><\/div><\/div><h3 class=\"ultp-block-title \"><a href=\"https:\/\/upsra.org.ar\/sitio\/2026\/04\/30\/convenio-turistico-para-afiliados-y-afiliadas-de-todo-el-pais\/\" >Convenio tur\u00edstico para afiliados y afiliadas de todo el pa\u00eds<\/a><\/h3><div class=\"ultp-block-meta ultp-block-meta-dot ultp-block-meta-icon\"><span class=\"ultp-block-author ultp-block-meta-element\"><svg xmlns=\"http:\/\/www.w3.org\/2000\/svg\" fill=\"none\" viewBox=\"0 0 24 24\">\n  <circle cx=\"12\" cy=\"7\" r=\"4\" stroke=\"currentColor\" stroke-linejoin=\"round\" stroke-width=\"1.5\"\/>\n  <path stroke=\"currentColor\" stroke-linecap=\"round\" stroke-linejoin=\"round\" stroke-width=\"1.5\" d=\"M4 21v-3a4 4 0 0 1 4-4h8a4 4 0 0 1 4 4v3\"\/>\n<\/svg>\n<a class=\"ultp-meta-author-no-link\" href=\"\">Upsra Prensa<\/a><\/span><span class=\"ultp-block-date ultp-block-meta-element\"><svg xmlns=\"http:\/\/www.w3.org\/2000\/svg\" fill=\"none\" viewBox=\"0 0 24 24\">\n  <path stroke=\"currentColor\" stroke-linecap=\"round\" stroke-linejoin=\"round\" stroke-width=\"1.5\" d=\"M3 5.5a2 2 0 0 1 2-2h14a2 2 0 0 1 2 2v14a2 2 0 0 1-2 2H5a2 2 0 0 1-2-2v-14ZM8 2v3m8-3v3M3 9h18\"\/>\n<\/svg>\nAbr 30, 2026<\/span><\/div><\/div><\/div><\/div><\/div><\/div><\/div><div class=\"pagination-block-html\" aria-hidden=\"true\" style=\"display: none;\"><\/div><\/div>\n\n\n<p><\/p>\n","protected":false},"excerpt":{"rendered":"<p>SAN NICOLAS-BUENOS AIRES DELEGADO REGIONAL SAN NICOLAS MAMOLI, ROBERTO JUAN CARLOS (Tel: 336-4520-698) Direcci\u00f3n Almafuerte 29 C\u00f3digo Postal 2900 Tel\u00e9fono Fijo 336-4431-697 Email desannicolas@upsra.org.ar Horario&hellip;<\/p>\n","protected":false},"author":4,"featured_media":0,"parent":1703,"menu_order":0,"comment_status":"closed","ping_status":"closed","template":"","meta":{"_themeisle_gutenberg_block_has_review":false,"footnotes":""},"class_list":["post-1828","page","type-page","status-publish","hentry"],"_links":{"self":[{"href":"https:\/\/upsra.org.ar\/sitio\/wp-json\/wp\/v2\/pages\/1828","targetHints":{"allow":["GET"]}}],"collection":[{"href":"https:\/\/upsra.org.ar\/sitio\/wp-json\/wp\/v2\/pages"}],"about":[{"href":"https:\/\/upsra.org.ar\/sitio\/wp-json\/wp\/v2\/types\/page"}],"author":[{"embeddable":true,"href":"https:\/\/upsra.org.ar\/sitio\/wp-json\/wp\/v2\/users\/4"}],"replies":[{"embeddable":true,"href":"https:\/\/upsra.org.ar\/sitio\/wp-json\/wp\/v2\/comments?post=1828"}],"version-history":[{"count":3,"href":"https:\/\/upsra.org.ar\/sitio\/wp-json\/wp\/v2\/pages\/1828\/revisions"}],"predecessor-version":[{"id":2912,"href":"https:\/\/upsra.org.ar\/sitio\/wp-json\/wp\/v2\/pages\/1828\/revisions\/2912"}],"up":[{"embeddable":true,"href":"https:\/\/upsra.org.ar\/sitio\/wp-json\/wp\/v2\/pages\/1703"}],"wp:attachment":[{"href":"https:\/\/upsra.org.ar\/sitio\/wp-json\/wp\/v2\/media?parent=1828"}],"curies":[{"name":"wp","href":"https:\/\/api.w.org\/{rel}","templated":true}]}}