{"id":1839,"date":"2025-04-15T16:19:17","date_gmt":"2025-04-15T19:19:17","guid":{"rendered":"https:\/\/upsra.org.ar\/sitio\/?page_id=1839"},"modified":"2025-04-15T16:19:17","modified_gmt":"2025-04-15T19:19:17","slug":"delegacion-zarate","status":"publish","type":"page","link":"https:\/\/upsra.org.ar\/sitio\/delegaciones2\/delegacion-zarate\/","title":{"rendered":"Delegaci\u00f3n Zarate"},"content":{"rendered":"\n<figure class=\"wp-block-table\">\r\n<table>\r\n<thead>\r\n<tr>\r\n<th colspan=\"2\">ZARATE-BUENOS AIRES<\/th>\r\n<\/tr>\r\n<\/thead>\r\n<tbody>\r\n<tr>\r\n<td>DELEGADO REGIONAL ZARATE &#8211; CAMPANA BARADERO- SAN PEDRO<\/td>\r\n<td><strong>MAG\u00d1E, DAVID<\/strong> (Tel: 348-7496-164)<\/td>\r\n<\/tr>\r\n<tr>\r\n<td>Direcci\u00f3n<\/td>\r\n<td>Gral. Paz 783, Zarate<\/td>\r\n<\/tr>\r\n<tr>\r\n<td>C\u00f3digo Postal<\/td>\r\n<td>2800<\/td>\r\n<\/tr>\r\n<tr>\r\n<td>Tel\u00e9fono Fijo<\/td>\r\n<td>348-7420-598<\/td>\r\n<\/tr>\r\n<tr>\r\n<td>Email<\/td>\r\n<td><a href=\"mailto:dezarate@upsra.org.ar\">dezarate@upsra.org.ar<\/a><\/td>\r\n<\/tr>\r\n<tr>\r\n<td>Horario<\/td>\r\n<td>9-16 hs<\/td>\r\n<\/tr>\r\n<\/tbody>\r\n<\/table>\r\n<\/figure>\n","protected":false},"excerpt":{"rendered":"<p>ZARATE-BUENOS AIRES DELEGADO REGIONAL ZARATE &#8211; CAMPANA BARADERO- SAN PEDRO MAG\u00d1E, DAVID (Tel: 348-7496-164) Direcci\u00f3n Gral. Paz 783, Zarate C\u00f3digo Postal 2800 Tel\u00e9fono Fijo 348-7420-598&hellip;<\/p>\n","protected":false},"author":4,"featured_media":0,"parent":1703,"menu_order":0,"comment_status":"closed","ping_status":"closed","template":"","meta":{"_themeisle_gutenberg_block_has_review":false,"footnotes":""},"class_list":["post-1839","page","type-page","status-publish","hentry"],"_links":{"self":[{"href":"https:\/\/upsra.org.ar\/sitio\/wp-json\/wp\/v2\/pages\/1839","targetHints":{"allow":["GET"]}}],"collection":[{"href":"https:\/\/upsra.org.ar\/sitio\/wp-json\/wp\/v2\/pages"}],"about":[{"href":"https:\/\/upsra.org.ar\/sitio\/wp-json\/wp\/v2\/types\/page"}],"author":[{"embeddable":true,"href":"https:\/\/upsra.org.ar\/sitio\/wp-json\/wp\/v2\/users\/4"}],"replies":[{"embeddable":true,"href":"https:\/\/upsra.org.ar\/sitio\/wp-json\/wp\/v2\/comments?post=1839"}],"version-history":[{"count":1,"href":"https:\/\/upsra.org.ar\/sitio\/wp-json\/wp\/v2\/pages\/1839\/revisions"}],"predecessor-version":[{"id":1840,"href":"https:\/\/upsra.org.ar\/sitio\/wp-json\/wp\/v2\/pages\/1839\/revisions\/1840"}],"up":[{"embeddable":true,"href":"https:\/\/upsra.org.ar\/sitio\/wp-json\/wp\/v2\/pages\/1703"}],"wp:attachment":[{"href":"https:\/\/upsra.org.ar\/sitio\/wp-json\/wp\/v2\/media?parent=1839"}],"curies":[{"name":"wp","href":"https:\/\/api.w.org\/{rel}","templated":true}]}}