{"id":1843,"date":"2025-04-17T10:03:12","date_gmt":"2025-04-17T13:03:12","guid":{"rendered":"https:\/\/upsra.org.ar\/sitio\/?page_id=1843"},"modified":"2026-03-25T16:11:30","modified_gmt":"2026-03-25T19:11:30","slug":"delegacion-catamarca","status":"publish","type":"page","link":"https:\/\/upsra.org.ar\/sitio\/delegaciones2\/delegacion-catamarca\/","title":{"rendered":"Delegaci\u00f3n Catamarca"},"content":{"rendered":"\n<figure class=\"wp-block-table\">\n<table>\n<thead>\n<tr>\n<th colspan=\"2\">CATAMARCA<\/th>\n<\/tr>\n<\/thead>\n<tbody>\n<tr>\n<td>DELEGADO REGIONAL CATAMARCA<\/td>\n<td><strong>BARRIENTOS, VICTOR<\/strong> (Tel: 383-4694-545)<\/td>\n<\/tr>\n<tr>\n<td>Direcci\u00f3n<\/td>\n<td>Rivadavia 916, Local 25<\/td>\n<\/tr>\n<tr>\n<td>C\u00f3digo Postal<\/td>\n<td>4700<\/td>\n<\/tr>\n<tr>\n<td>Tel\u00e9fono Fijo<\/td>\n<td>383-4451-066<\/td>\n<\/tr>\n<tr>\n<td>Email<\/td>\n<td><a href=\"mailto:decatamarca@upsra.org.ar\">decatamarca@upsra.org.ar<\/a><\/td>\n<\/tr>\n<tr>\n<td>Horario<\/td>\n<td>9-13\/18-20 hs<\/td>\n<\/tr>\n<\/tbody>\n<\/table>\n<\/figure>\n","protected":false},"excerpt":{"rendered":"<p>CATAMARCA DELEGADO REGIONAL CATAMARCA BARRIENTOS, VICTOR (Tel: 383-4694-545) Direcci\u00f3n Rivadavia 916, Local 25 C\u00f3digo Postal 4700 Tel\u00e9fono Fijo 383-4451-066 Email decatamarca@upsra.org.ar Horario 9-13\/18-20 hs<\/p>\n","protected":false},"author":4,"featured_media":0,"parent":1703,"menu_order":0,"comment_status":"closed","ping_status":"closed","template":"","meta":{"_themeisle_gutenberg_block_has_review":false,"footnotes":""},"class_list":["post-1843","page","type-page","status-publish","hentry"],"_links":{"self":[{"href":"https:\/\/upsra.org.ar\/sitio\/wp-json\/wp\/v2\/pages\/1843","targetHints":{"allow":["GET"]}}],"collection":[{"href":"https:\/\/upsra.org.ar\/sitio\/wp-json\/wp\/v2\/pages"}],"about":[{"href":"https:\/\/upsra.org.ar\/sitio\/wp-json\/wp\/v2\/types\/page"}],"author":[{"embeddable":true,"href":"https:\/\/upsra.org.ar\/sitio\/wp-json\/wp\/v2\/users\/4"}],"replies":[{"embeddable":true,"href":"https:\/\/upsra.org.ar\/sitio\/wp-json\/wp\/v2\/comments?post=1843"}],"version-history":[{"count":3,"href":"https:\/\/upsra.org.ar\/sitio\/wp-json\/wp\/v2\/pages\/1843\/revisions"}],"predecessor-version":[{"id":2949,"href":"https:\/\/upsra.org.ar\/sitio\/wp-json\/wp\/v2\/pages\/1843\/revisions\/2949"}],"up":[{"embeddable":true,"href":"https:\/\/upsra.org.ar\/sitio\/wp-json\/wp\/v2\/pages\/1703"}],"wp:attachment":[{"href":"https:\/\/upsra.org.ar\/sitio\/wp-json\/wp\/v2\/media?parent=1843"}],"curies":[{"name":"wp","href":"https:\/\/api.w.org\/{rel}","templated":true}]}}