{"id":1862,"date":"2025-04-18T13:23:36","date_gmt":"2025-04-18T16:23:36","guid":{"rendered":"https:\/\/upsra.org.ar\/sitio\/?page_id=1862"},"modified":"2025-04-18T13:23:36","modified_gmt":"2025-04-18T16:23:36","slug":"delegacion-entre-rios-concordia","status":"publish","type":"page","link":"https:\/\/upsra.org.ar\/sitio\/delegaciones2\/delegacion-entre-rios-concordia\/","title":{"rendered":"Delegaci\u00f3n Entre Rios Concordia"},"content":{"rendered":"\n<figure class=\"wp-block-table\">\r\n<table>\r\n<thead>\r\n<tr>\r\n<th colspan=\"2\">ENTRE RIOS &#8211; CONCORDIA<\/th>\r\n<\/tr>\r\n<\/thead>\r\n<tbody>\r\n<tr>\r\n<td>REPRESENTANTE GREMIAL ENTRE RIOS<\/td>\r\n<td><strong>PANOZZO, MARIA DEL VALLE<\/strong> (Tel: 345-4040-299)<\/td>\r\n<\/tr>\r\n<tr>\r\n<td>Direcci\u00f3n<\/td>\r\n<td>&#8211;<\/td>\r\n<\/tr>\r\n<tr>\r\n<td>C\u00f3digo Postal<\/td>\r\n<td>&#8211;<\/td>\r\n<\/tr>\r\n<tr>\r\n<td>Tel\u00e9fono Fijo<\/td>\r\n<td>&#8211;<\/td>\r\n<\/tr>\r\n<tr>\r\n<td>Email<\/td>\r\n<td>&#8211;<\/td>\r\n<\/tr>\r\n<tr>\r\n<td>Horario<\/td>\r\n<td>&#8211;<\/td>\r\n<\/tr>\r\n<\/tbody>\r\n<\/table>\r\n<\/figure>\n","protected":false},"excerpt":{"rendered":"<p>ENTRE RIOS &#8211; CONCORDIA REPRESENTANTE GREMIAL ENTRE RIOS PANOZZO, MARIA DEL VALLE (Tel: 345-4040-299) Direcci\u00f3n &#8211; C\u00f3digo Postal &#8211; Tel\u00e9fono Fijo &#8211; Email &#8211; Horario&hellip;<\/p>\n","protected":false},"author":4,"featured_media":0,"parent":1703,"menu_order":0,"comment_status":"closed","ping_status":"closed","template":"","meta":{"_themeisle_gutenberg_block_has_review":false,"footnotes":""},"class_list":["post-1862","page","type-page","status-publish","hentry"],"_links":{"self":[{"href":"https:\/\/upsra.org.ar\/sitio\/wp-json\/wp\/v2\/pages\/1862","targetHints":{"allow":["GET"]}}],"collection":[{"href":"https:\/\/upsra.org.ar\/sitio\/wp-json\/wp\/v2\/pages"}],"about":[{"href":"https:\/\/upsra.org.ar\/sitio\/wp-json\/wp\/v2\/types\/page"}],"author":[{"embeddable":true,"href":"https:\/\/upsra.org.ar\/sitio\/wp-json\/wp\/v2\/users\/4"}],"replies":[{"embeddable":true,"href":"https:\/\/upsra.org.ar\/sitio\/wp-json\/wp\/v2\/comments?post=1862"}],"version-history":[{"count":1,"href":"https:\/\/upsra.org.ar\/sitio\/wp-json\/wp\/v2\/pages\/1862\/revisions"}],"predecessor-version":[{"id":1864,"href":"https:\/\/upsra.org.ar\/sitio\/wp-json\/wp\/v2\/pages\/1862\/revisions\/1864"}],"up":[{"embeddable":true,"href":"https:\/\/upsra.org.ar\/sitio\/wp-json\/wp\/v2\/pages\/1703"}],"wp:attachment":[{"href":"https:\/\/upsra.org.ar\/sitio\/wp-json\/wp\/v2\/media?parent=1862"}],"curies":[{"name":"wp","href":"https:\/\/api.w.org\/{rel}","templated":true}]}}