{"id":1879,"date":"2025-04-18T13:25:20","date_gmt":"2025-04-18T16:25:20","guid":{"rendered":"https:\/\/upsra.org.ar\/sitio\/?page_id=1879"},"modified":"2025-05-07T12:58:10","modified_gmt":"2025-05-07T15:58:10","slug":"delegacion-rio-negro-bariloche","status":"publish","type":"page","link":"https:\/\/upsra.org.ar\/sitio\/delegaciones2\/delegacion-rio-negro-bariloche\/","title":{"rendered":"Delegaci\u00f3n Rio Negro-Bariloche"},"content":{"rendered":"\n<figure class=\"wp-block-table\">\r\n<table>\r\n<thead>\r\n<tr>\r\n<th colspan=\"2\">RIO NEGRO-BARILOCHE<\/th>\r\n<\/tr>\r\n<\/thead>\r\n<tbody>\r\n<tr>\r\n<td>DELEGADO REGIONAL RIO NEGRO-BARILOCHE<\/td>\r\n<td><strong>HARO, HECTOR<\/strong> (Tel: 294-4244-666)<\/td>\r\n<\/tr>\r\n<tr>\r\n<td>Direcci\u00f3n<\/td>\r\n<td>Juan J. Paso 141, Bariloche<\/td>\r\n<\/tr>\r\n<tr>\r\n<td>C\u00f3digo Postal<\/td>\r\n<td>8400<\/td>\r\n<\/tr>\r\n<tr>\r\n<td>Tel\u00e9fono Fijo<\/td>\r\n<td>294-4427-103<\/td>\r\n<\/tr>\r\n<tr>\r\n<td>Email<\/td>\r\n<td><a href=\"mailto:debariloche@upsra.org.ar\">debariloche@upsra.org.ar<\/a><\/td>\r\n<\/tr>\r\n<tr>\r\n<td>Horario<\/td>\r\n<td>9-16 hs<\/td>\r\n<\/tr>\r\n<\/tbody>\r\n<\/table>\r\n<\/figure>\n\n\n<div  class=\"ultp-post-grid-block wp-block-ultimate-post-post-grid-2 ultp-block-9de76a\"><div class=\"ultp-block-wrapper\"><div class=\"ultp-loading\"><div class=\"ultp-loading-blocks\" style=\"width:100%;height:100%;\"><div style=\"left: 0;top: 0;animation-delay:0s;\"><\/div><div style=\"left: 21px;top: 0;animation-delay:0.125s;\"><\/div><div style=\"left: 42px;top: 0;animation-delay:0.25s;\"><\/div><div style=\"left: 0;top: 21px;animation-delay:0.875s;\"><\/div><div style=\"left: 42px;top: 21px;animation-delay:0.375s;\"><\/div><div style=\"left: 0;top: 42px;animation-delay:0.75s;\"><\/div><div style=\"left: 42px;top: 42px;animation-delay:0.625s;\"><\/div><div style=\"left: 21px;top: 42px;animation-delay:0.5s;\"><\/div><\/div><\/div><div class=\"ultp-block-items-wrap ultp-block-row\"><div class=\"ultp-block-item post-id-2066\"><div class=\"ultp-block-content-wrap ultp-block-content-overlay\"><div class=\"ultp-block-image ultp-block-image-zoomOut ultp-block-image-overlay ultp-block-image-flat\"><a href=\"https:\/\/upsra.org.ar\/sitio\/2025\/05\/07\/upsra-presente-en-la-inauguracion-de-la-planta-hormigonera-de-san-carlos-de-bariloche\/\" ><img decoding=\"async\"  alt=\"UPSRA presente en la Inauguraci\u00f3n de la Planta Hormigonera de San Carlos de Bariloche\"  src=\"https:\/\/upsra.org.ar\/sitio\/wp-content\/uploads\/2025\/05\/bariloche.png\" \/><\/a><\/div><div class=\"ultp-block-content ultp-block-content-bottomPosition\"><div class=\"ultp-block-content-inner\"><div class=\"ultp-category-grid ultp-category-classic ultp-category-aboveTitle\"><div class=\"ultp-category-in\"><a class=\"ultp-cat-noticias-bariloche\" href=\"https:\/\/upsra.org.ar\/sitio\/category\/noticias-bariloche\/\"  >Noticias-Bariloche<\/a><\/div><\/div><h3 class=\"ultp-block-title \"><a href=\"https:\/\/upsra.org.ar\/sitio\/2025\/05\/07\/upsra-presente-en-la-inauguracion-de-la-planta-hormigonera-de-san-carlos-de-bariloche\/\" >UPSRA presente en la Inauguraci\u00f3n de la Planta Hormigonera de San Carlos de Bariloche<\/a><\/h3><div class=\"ultp-block-meta ultp-block-meta-dot ultp-block-meta-icon\"><span class=\"ultp-block-author ultp-block-meta-element\"><svg xmlns=\"http:\/\/www.w3.org\/2000\/svg\" fill=\"none\" viewBox=\"0 0 24 24\">\n  <circle cx=\"12\" cy=\"7\" r=\"4\" stroke=\"currentColor\" stroke-linejoin=\"round\" stroke-width=\"1.5\"\/>\n  <path stroke=\"currentColor\" stroke-linecap=\"round\" stroke-linejoin=\"round\" stroke-width=\"1.5\" d=\"M4 21v-3a4 4 0 0 1 4-4h8a4 4 0 0 1 4 4v3\"\/>\n<\/svg>\n<a class=\"ultp-meta-author-no-link\" href=\"\">Upsra Prensa<\/a><\/span><span class=\"ultp-block-date ultp-block-meta-element\"><svg xmlns=\"http:\/\/www.w3.org\/2000\/svg\" fill=\"none\" viewBox=\"0 0 24 24\">\n  <path stroke=\"currentColor\" stroke-linecap=\"round\" stroke-linejoin=\"round\" stroke-width=\"1.5\" d=\"M3 5.5a2 2 0 0 1 2-2h14a2 2 0 0 1 2 2v14a2 2 0 0 1-2 2H5a2 2 0 0 1-2-2v-14ZM8 2v3m8-3v3M3 9h18\"\/>\n<\/svg>\nMay 7, 2025<\/span><\/div><\/div><\/div><\/div><\/div><\/div><\/div><div class=\"pagination-block-html\" aria-hidden=\"true\" style=\"display: none;\"><\/div><\/div>","protected":false},"excerpt":{"rendered":"<p>RIO NEGRO-BARILOCHE DELEGADO REGIONAL RIO NEGRO-BARILOCHE HARO, HECTOR (Tel: 294-4244-666) Direcci\u00f3n Juan J. Paso 141, Bariloche C\u00f3digo Postal 8400 Tel\u00e9fono Fijo 294-4427-103 Email debariloche@upsra.org.ar Horario&hellip;<\/p>\n","protected":false},"author":4,"featured_media":0,"parent":1703,"menu_order":0,"comment_status":"closed","ping_status":"closed","template":"","meta":{"_themeisle_gutenberg_block_has_review":false,"footnotes":""},"class_list":["post-1879","page","type-page","status-publish","hentry"],"_links":{"self":[{"href":"https:\/\/upsra.org.ar\/sitio\/wp-json\/wp\/v2\/pages\/1879","targetHints":{"allow":["GET"]}}],"collection":[{"href":"https:\/\/upsra.org.ar\/sitio\/wp-json\/wp\/v2\/pages"}],"about":[{"href":"https:\/\/upsra.org.ar\/sitio\/wp-json\/wp\/v2\/types\/page"}],"author":[{"embeddable":true,"href":"https:\/\/upsra.org.ar\/sitio\/wp-json\/wp\/v2\/users\/4"}],"replies":[{"embeddable":true,"href":"https:\/\/upsra.org.ar\/sitio\/wp-json\/wp\/v2\/comments?post=1879"}],"version-history":[{"count":2,"href":"https:\/\/upsra.org.ar\/sitio\/wp-json\/wp\/v2\/pages\/1879\/revisions"}],"predecessor-version":[{"id":2069,"href":"https:\/\/upsra.org.ar\/sitio\/wp-json\/wp\/v2\/pages\/1879\/revisions\/2069"}],"up":[{"embeddable":true,"href":"https:\/\/upsra.org.ar\/sitio\/wp-json\/wp\/v2\/pages\/1703"}],"wp:attachment":[{"href":"https:\/\/upsra.org.ar\/sitio\/wp-json\/wp\/v2\/media?parent=1879"}],"curies":[{"name":"wp","href":"https:\/\/api.w.org\/{rel}","templated":true}]}}