{"id":1908,"date":"2025-04-18T13:28:13","date_gmt":"2025-04-18T16:28:13","guid":{"rendered":"https:\/\/upsra.org.ar\/sitio\/?page_id=1908"},"modified":"2025-07-07T20:07:52","modified_gmt":"2025-07-07T23:07:52","slug":"delegacion-tucuman","status":"publish","type":"page","link":"https:\/\/upsra.org.ar\/sitio\/delegaciones2\/delegacion-tucuman\/","title":{"rendered":"Delegaci\u00f3n Tucuman"},"content":{"rendered":"\n<figure class=\"wp-block-table\">\n<table>\n<thead>\n<tr>\n<th colspan=\"2\">TUCUMAN<\/th>\n<\/tr>\n<\/thead>\n<tbody>\n<tr>\n<td>DELEGADO REGIONAL TUCUMAN<\/td>\n<td><strong>HERRERA, GABRIEL<\/strong> (Tel: 381-2002-131)<\/td>\n<\/tr>\n<tr>\n<td>Direcci\u00f3n<\/td>\n<td>Mendoza 234<\/td>\n<\/tr>\n<tr>\n<td>C\u00f3digo Postal<\/td>\n<td>4000<\/td>\n<\/tr>\n<tr>\n<td>Tel\u00e9fono Fijo<\/td>\n<td>&#8211;<\/td>\n<\/tr>\n<tr>\n<td>Email<\/td>\n<td><a href=\"mailto:detucuman@upsra.org.ar\">detucuman@upsra.org.ar<\/a><\/td>\n<\/tr>\n<tr>\n<td>Horario<\/td>\n<td>09 a 16 Hs<\/td>\n<\/tr>\n<\/tbody>\n<\/table>\n<\/figure>\n\n\n<div  class=\"ultp-post-grid-block wp-block-ultimate-post-post-grid-2 ultp-block-b07462\"><div class=\"ultp-block-wrapper\"><div class=\"ultp-loading\"><div class=\"ultp-loading-blocks\" style=\"width:100%;height:100%;\"><div style=\"left: 0;top: 0;animation-delay:0s;\"><\/div><div style=\"left: 21px;top: 0;animation-delay:0.125s;\"><\/div><div style=\"left: 42px;top: 0;animation-delay:0.25s;\"><\/div><div style=\"left: 0;top: 21px;animation-delay:0.875s;\"><\/div><div style=\"left: 42px;top: 21px;animation-delay:0.375s;\"><\/div><div style=\"left: 0;top: 42px;animation-delay:0.75s;\"><\/div><div style=\"left: 42px;top: 42px;animation-delay:0.625s;\"><\/div><div style=\"left: 21px;top: 42px;animation-delay:0.5s;\"><\/div><\/div><\/div><div class=\"ultp-block-items-wrap ultp-block-row\"><div class=\"ultp-block-item post-id-2368\"><div class=\"ultp-block-content-wrap ultp-block-content-overlay\"><div class=\"ultp-block-image ultp-block-image-zoomOut ultp-block-image-overlay ultp-block-image-flat\"><a href=\"https:\/\/upsra.org.ar\/sitio\/2025\/07\/07\/upsra-en-tucuman\/\" ><img decoding=\"async\"  alt=\"UPSRA en Tucum\u00e1n\"  src=\"https:\/\/upsra.org.ar\/sitio\/wp-content\/uploads\/2025\/07\/IMG-20250707-WA0023-870x570.jpg\" \/><\/a><\/div><div class=\"ultp-block-content ultp-block-content-bottomPosition\"><div class=\"ultp-block-content-inner\"><div class=\"ultp-category-grid ultp-category-classic ultp-category-aboveTitle\"><div class=\"ultp-category-in\"><a class=\"ultp-cat-noticias-tucuman\" href=\"https:\/\/upsra.org.ar\/sitio\/category\/noticias-tucuman\/\"  >Noticias-Tucum\u00e1n<\/a><\/div><\/div><h3 class=\"ultp-block-title \"><a href=\"https:\/\/upsra.org.ar\/sitio\/2025\/07\/07\/upsra-en-tucuman\/\" >UPSRA en Tucum\u00e1n<\/a><\/h3><div class=\"ultp-block-meta ultp-block-meta-dot ultp-block-meta-icon\"><span class=\"ultp-block-author ultp-block-meta-element\"><svg xmlns=\"http:\/\/www.w3.org\/2000\/svg\" fill=\"none\" viewBox=\"0 0 24 24\">\n  <circle cx=\"12\" cy=\"7\" r=\"4\" stroke=\"currentColor\" stroke-linejoin=\"round\" stroke-width=\"1.5\"\/>\n  <path stroke=\"currentColor\" stroke-linecap=\"round\" stroke-linejoin=\"round\" stroke-width=\"1.5\" d=\"M4 21v-3a4 4 0 0 1 4-4h8a4 4 0 0 1 4 4v3\"\/>\n<\/svg>\n<a class=\"ultp-meta-author-no-link\" href=\"\">Upsra Prensa<\/a><\/span><span class=\"ultp-block-date ultp-block-meta-element\"><svg xmlns=\"http:\/\/www.w3.org\/2000\/svg\" fill=\"none\" viewBox=\"0 0 24 24\">\n  <path stroke=\"currentColor\" stroke-linecap=\"round\" stroke-linejoin=\"round\" stroke-width=\"1.5\" d=\"M3 5.5a2 2 0 0 1 2-2h14a2 2 0 0 1 2 2v14a2 2 0 0 1-2 2H5a2 2 0 0 1-2-2v-14ZM8 2v3m8-3v3M3 9h18\"\/>\n<\/svg>\nJul 7, 2025<\/span><\/div><\/div><\/div><\/div><\/div><\/div><\/div><div class=\"pagination-block-html\" aria-hidden=\"true\" style=\"display: none;\"><\/div><\/div>\n\n\n<p><\/p>\n","protected":false},"excerpt":{"rendered":"<p>TUCUMAN DELEGADO REGIONAL TUCUMAN HERRERA, GABRIEL (Tel: 381-2002-131) Direcci\u00f3n Mendoza 234 C\u00f3digo Postal 4000 Tel\u00e9fono Fijo &#8211; Email detucuman@upsra.org.ar Horario 09 a 16 Hs<\/p>\n","protected":false},"author":4,"featured_media":0,"parent":1703,"menu_order":0,"comment_status":"closed","ping_status":"closed","template":"","meta":{"_themeisle_gutenberg_block_has_review":false,"footnotes":""},"class_list":["post-1908","page","type-page","status-publish","hentry"],"_links":{"self":[{"href":"https:\/\/upsra.org.ar\/sitio\/wp-json\/wp\/v2\/pages\/1908","targetHints":{"allow":["GET"]}}],"collection":[{"href":"https:\/\/upsra.org.ar\/sitio\/wp-json\/wp\/v2\/pages"}],"about":[{"href":"https:\/\/upsra.org.ar\/sitio\/wp-json\/wp\/v2\/types\/page"}],"author":[{"embeddable":true,"href":"https:\/\/upsra.org.ar\/sitio\/wp-json\/wp\/v2\/users\/4"}],"replies":[{"embeddable":true,"href":"https:\/\/upsra.org.ar\/sitio\/wp-json\/wp\/v2\/comments?post=1908"}],"version-history":[{"count":3,"href":"https:\/\/upsra.org.ar\/sitio\/wp-json\/wp\/v2\/pages\/1908\/revisions"}],"predecessor-version":[{"id":2379,"href":"https:\/\/upsra.org.ar\/sitio\/wp-json\/wp\/v2\/pages\/1908\/revisions\/2379"}],"up":[{"embeddable":true,"href":"https:\/\/upsra.org.ar\/sitio\/wp-json\/wp\/v2\/pages\/1703"}],"wp:attachment":[{"href":"https:\/\/upsra.org.ar\/sitio\/wp-json\/wp\/v2\/media?parent=1908"}],"curies":[{"name":"wp","href":"https:\/\/api.w.org\/{rel}","templated":true}]}}