{"id":1997,"date":"2025-05-06T08:05:26","date_gmt":"2025-05-06T11:05:26","guid":{"rendered":"https:\/\/upsra.org.ar\/sitio\/?page_id=1997"},"modified":"2026-04-06T12:23:07","modified_gmt":"2026-04-06T15:23:07","slug":"gremial-caba","status":"publish","type":"page","link":"https:\/\/upsra.org.ar\/sitio\/delegaciones2\/gremial-caba\/","title":{"rendered":"Gremial CABA"},"content":{"rendered":"\n<figure class=\"wp-block-table is-style-stripes\"><table class=\"has-black-color has-text-color has-link-color\"><tbody><tr><td>REPRESENTANTE GREMIAL <\/td><td><strong>RAMIREZ, ROBERTO ALEJANDRO<\/strong> <\/td><\/tr><tr><td>Colaboradores Gremiales<\/td><td>11-5036-7808 (Martin Bustos)<br>11-4096-0627 (Luciano)<br>11-3268-1770 (Gonzalo Vives)<\/td><\/tr><tr><td> Direcci\u00f3n<\/td><td>Ecuador 969,Cdad. Aut\u00f3noma de Buenos Aires 1er piso<\/td><\/tr><tr><td>C\u00f3digo Postal<\/td><td>1046<\/td><\/tr><tr><td>Tel\u00e9fono Fijo<\/td><td>011 2065-2978      <\/td><\/tr><tr><td>WhatsApp Afiliaciones:<\/td><td>11-3455-3382<\/td><\/tr><tr><td>WhatsApp atenci\u00f3n gremial:<\/td><td>11-2892-5384 <br><\/td><\/tr><tr><td>Email:<\/td><td>gremiales@upsra.org.ar<br>upsracabagremial@upsra.org.ar<\/td><\/tr><tr><td>Horario de atenci\u00f3n<\/td><td>9-16 hs Lunes a Viernes<\/td><\/tr><\/tbody><\/table><\/figure>\n\n\n\n<p class=\"has-black-color has-text-color has-link-color has-medium-font-size wp-elements-41c1769ca346c0218623308367d07d76\"><strong>\u00daLTIMAS NOTICIAS<\/strong><\/p>\n\n\n<div  class=\"ultp-post-grid-block wp-block-ultimate-post-post-grid-2 ultp-block-0039e1\"><div class=\"ultp-block-wrapper\"><div class=\"ultp-loading\"><div class=\"ultp-loading-blocks\" style=\"width:100%;height:100%;\"><div style=\"left: 0;top: 0;animation-delay:0s;\"><\/div><div style=\"left: 21px;top: 0;animation-delay:0.125s;\"><\/div><div style=\"left: 42px;top: 0;animation-delay:0.25s;\"><\/div><div style=\"left: 0;top: 21px;animation-delay:0.875s;\"><\/div><div style=\"left: 42px;top: 21px;animation-delay:0.375s;\"><\/div><div style=\"left: 0;top: 42px;animation-delay:0.75s;\"><\/div><div style=\"left: 42px;top: 42px;animation-delay:0.625s;\"><\/div><div style=\"left: 21px;top: 42px;animation-delay:0.5s;\"><\/div><\/div><\/div><div class=\"ultp-block-items-wrap ultp-block-row\"><div class=\"ultp-block-item post-id-2703\"><div class=\"ultp-block-content-wrap ultp-block-content-overlay\"><div class=\"ultp-block-image ultp-block-image-zoomOut ultp-block-image-overlay ultp-block-image-flat\"><a href=\"https:\/\/upsra.org.ar\/sitio\/2025\/10\/24\/graves-irregularidades-en-empresas-de-seguridad-privada-upsra-interviene-en-defensa-de-los-trabajadores\/\" ><img decoding=\"async\"  alt=\"Graves irregularidades en empresas de seguridad privada: UPSRA interviene en defensa de los trabajadores\"  src=\"https:\/\/upsra.org.ar\/sitio\/wp-content\/uploads\/2025\/10\/IMG-20251023-WA0035111-566x570.jpg\" \/><\/a><\/div><div class=\"ultp-block-content ultp-block-content-bottomPosition\"><div class=\"ultp-block-content-inner\"><div class=\"ultp-category-grid ultp-category-classic ultp-category-aboveTitle\"><div class=\"ultp-category-in\"><a class=\"ultp-cat-noticias-gremial-caba\" href=\"https:\/\/upsra.org.ar\/sitio\/category\/noticias-gremial-caba\/\"  >Noticias-Gremial CABA<\/a><\/div><\/div><h3 class=\"ultp-block-title \"><a href=\"https:\/\/upsra.org.ar\/sitio\/2025\/10\/24\/graves-irregularidades-en-empresas-de-seguridad-privada-upsra-interviene-en-defensa-de-los-trabajadores\/\" >Graves irregularidades en empresas de seguridad privada: UPSRA interviene en defensa de los trabajadores<\/a><\/h3><div class=\"ultp-block-meta ultp-block-meta-dot ultp-block-meta-icon\"><span class=\"ultp-block-author ultp-block-meta-element\"><svg xmlns=\"http:\/\/www.w3.org\/2000\/svg\" fill=\"none\" viewBox=\"0 0 24 24\">\n  <circle cx=\"12\" cy=\"7\" r=\"4\" stroke=\"currentColor\" stroke-linejoin=\"round\" stroke-width=\"1.5\"\/>\n  <path stroke=\"currentColor\" stroke-linecap=\"round\" stroke-linejoin=\"round\" stroke-width=\"1.5\" d=\"M4 21v-3a4 4 0 0 1 4-4h8a4 4 0 0 1 4 4v3\"\/>\n<\/svg>\n<a class=\"ultp-meta-author-no-link\" href=\"\">Upsra Prensa<\/a><\/span><span class=\"ultp-block-date ultp-block-meta-element\"><svg xmlns=\"http:\/\/www.w3.org\/2000\/svg\" fill=\"none\" viewBox=\"0 0 24 24\">\n  <path stroke=\"currentColor\" stroke-linecap=\"round\" stroke-linejoin=\"round\" stroke-width=\"1.5\" d=\"M3 5.5a2 2 0 0 1 2-2h14a2 2 0 0 1 2 2v14a2 2 0 0 1-2 2H5a2 2 0 0 1-2-2v-14ZM8 2v3m8-3v3M3 9h18\"\/>\n<\/svg>\nOct 24, 2025<\/span><\/div><\/div><\/div><\/div><\/div><div class=\"ultp-block-item post-id-2582\"><div class=\"ultp-block-content-wrap ultp-block-content-overlay\"><div class=\"ultp-block-image ultp-block-image-zoomOut ultp-block-image-overlay ultp-block-image-flat\"><a href=\"https:\/\/upsra.org.ar\/sitio\/2025\/09\/17\/upsra-realizo-una-movilizacion-gremial-en-el-mercado-central-por-reclamos-laborales\/\" ><img decoding=\"async\"  alt=\"UPSRA realiz\u00f3 una movilizaci\u00f3n gremial en el Mercado Central por reclamos laborales\"  src=\"https:\/\/upsra.org.ar\/sitio\/wp-content\/uploads\/2025\/09\/Imagen-de-WhatsApp-2025-09-17-a-las-13.31.06_5ae8eb5f-870x570.jpg\" \/><\/a><\/div><div class=\"ultp-block-content ultp-block-content-bottomPosition\"><div class=\"ultp-block-content-inner\"><div class=\"ultp-category-grid ultp-category-classic ultp-category-aboveTitle\"><div class=\"ultp-category-in\"><a class=\"ultp-cat-noticias-avellaneda\" href=\"https:\/\/upsra.org.ar\/sitio\/category\/noticias-avellaneda\/\"  >Noticias-Avellaneda<\/a><a class=\"ultp-cat-noticias-gremial-caba\" href=\"https:\/\/upsra.org.ar\/sitio\/category\/noticias-gremial-caba\/\"  >Noticias-Gremial CABA<\/a><\/div><\/div><h3 class=\"ultp-block-title \"><a href=\"https:\/\/upsra.org.ar\/sitio\/2025\/09\/17\/upsra-realizo-una-movilizacion-gremial-en-el-mercado-central-por-reclamos-laborales\/\" >UPSRA realiz\u00f3 una movilizaci\u00f3n gremial en el Mercado Central por reclamos laborales<\/a><\/h3><div class=\"ultp-block-meta ultp-block-meta-dot ultp-block-meta-icon\"><span class=\"ultp-block-author ultp-block-meta-element\"><svg xmlns=\"http:\/\/www.w3.org\/2000\/svg\" fill=\"none\" viewBox=\"0 0 24 24\">\n  <circle cx=\"12\" cy=\"7\" r=\"4\" stroke=\"currentColor\" stroke-linejoin=\"round\" stroke-width=\"1.5\"\/>\n  <path stroke=\"currentColor\" stroke-linecap=\"round\" stroke-linejoin=\"round\" stroke-width=\"1.5\" d=\"M4 21v-3a4 4 0 0 1 4-4h8a4 4 0 0 1 4 4v3\"\/>\n<\/svg>\n<a class=\"ultp-meta-author-no-link\" href=\"\">Upsra Prensa<\/a><\/span><span class=\"ultp-block-date ultp-block-meta-element\"><svg xmlns=\"http:\/\/www.w3.org\/2000\/svg\" fill=\"none\" viewBox=\"0 0 24 24\">\n  <path stroke=\"currentColor\" stroke-linecap=\"round\" stroke-linejoin=\"round\" stroke-width=\"1.5\" d=\"M3 5.5a2 2 0 0 1 2-2h14a2 2 0 0 1 2 2v14a2 2 0 0 1-2 2H5a2 2 0 0 1-2-2v-14ZM8 2v3m8-3v3M3 9h18\"\/>\n<\/svg>\nSep 17, 2025<\/span><\/div><\/div><\/div><\/div><\/div><div class=\"ultp-block-item post-id-2340\"><div class=\"ultp-block-content-wrap ultp-block-content-overlay\"><div class=\"ultp-block-image ultp-block-image-zoomOut ultp-block-image-overlay ultp-block-image-flat\"><a href=\"https:\/\/upsra.org.ar\/sitio\/2025\/07\/01\/upsra-se-moviliza-en-avellaneda-para-frenar-el-avance-de-cooperativas\/\" ><img decoding=\"async\"  alt=\"UPSRA se moviliza en Avellaneda para frenar el avance de cooperativas\"  src=\"https:\/\/upsra.org.ar\/sitio\/wp-content\/uploads\/2025\/07\/6ecdded0-1feb-489b-80ef-eb69d09267b1-870x570.jpg\" \/><\/a><\/div><div class=\"ultp-block-content ultp-block-content-bottomPosition\"><div class=\"ultp-block-content-inner\"><div class=\"ultp-category-grid ultp-category-classic ultp-category-aboveTitle\"><div class=\"ultp-category-in\"><a class=\"ultp-cat-noticias-gremial-caba\" href=\"https:\/\/upsra.org.ar\/sitio\/category\/noticias-gremial-caba\/\"  >Noticias-Gremial CABA<\/a><\/div><\/div><h3 class=\"ultp-block-title \"><a href=\"https:\/\/upsra.org.ar\/sitio\/2025\/07\/01\/upsra-se-moviliza-en-avellaneda-para-frenar-el-avance-de-cooperativas\/\" >UPSRA se moviliza en Avellaneda para frenar el avance de cooperativas<\/a><\/h3><div class=\"ultp-block-meta ultp-block-meta-dot ultp-block-meta-icon\"><span class=\"ultp-block-author ultp-block-meta-element\"><svg xmlns=\"http:\/\/www.w3.org\/2000\/svg\" fill=\"none\" viewBox=\"0 0 24 24\">\n  <circle cx=\"12\" cy=\"7\" r=\"4\" stroke=\"currentColor\" stroke-linejoin=\"round\" stroke-width=\"1.5\"\/>\n  <path stroke=\"currentColor\" stroke-linecap=\"round\" stroke-linejoin=\"round\" stroke-width=\"1.5\" d=\"M4 21v-3a4 4 0 0 1 4-4h8a4 4 0 0 1 4 4v3\"\/>\n<\/svg>\n<a class=\"ultp-meta-author-no-link\" href=\"\">Upsra Prensa<\/a><\/span><span class=\"ultp-block-date ultp-block-meta-element\"><svg xmlns=\"http:\/\/www.w3.org\/2000\/svg\" fill=\"none\" viewBox=\"0 0 24 24\">\n  <path stroke=\"currentColor\" stroke-linecap=\"round\" stroke-linejoin=\"round\" stroke-width=\"1.5\" d=\"M3 5.5a2 2 0 0 1 2-2h14a2 2 0 0 1 2 2v14a2 2 0 0 1-2 2H5a2 2 0 0 1-2-2v-14ZM8 2v3m8-3v3M3 9h18\"\/>\n<\/svg>\nJul 1, 2025<\/span><\/div><\/div><\/div><\/div><\/div><div class=\"ultp-block-item post-id-2294\"><div class=\"ultp-block-content-wrap ultp-block-content-overlay\"><div class=\"ultp-block-image ultp-block-image-zoomOut ultp-block-image-overlay ultp-block-image-flat\"><a href=\"https:\/\/upsra.org.ar\/sitio\/2025\/06\/06\/upsra-denuncia-fraude-laboral-en-cooperativa-sinergia-y-exige-respuestas-a-galeno\/\" ><img decoding=\"async\"  alt=\"UPSRA denuncia fraude laboral en cooperativa Sinergia y exige respuestas a Galeno\"  src=\"https:\/\/upsra.org.ar\/sitio\/wp-content\/uploads\/2025\/06\/20250605_113435-870x570.jpg\" \/><\/a><\/div><div class=\"ultp-block-content ultp-block-content-bottomPosition\"><div class=\"ultp-block-content-inner\"><div class=\"ultp-category-grid ultp-category-classic ultp-category-aboveTitle\"><div class=\"ultp-category-in\"><a class=\"ultp-cat-noticias-gremial-caba\" href=\"https:\/\/upsra.org.ar\/sitio\/category\/noticias-gremial-caba\/\"  >Noticias-Gremial CABA<\/a><\/div><\/div><h3 class=\"ultp-block-title \"><a href=\"https:\/\/upsra.org.ar\/sitio\/2025\/06\/06\/upsra-denuncia-fraude-laboral-en-cooperativa-sinergia-y-exige-respuestas-a-galeno\/\" >UPSRA denuncia fraude laboral en cooperativa Sinergia y exige respuestas a Galeno<\/a><\/h3><div class=\"ultp-block-meta ultp-block-meta-dot ultp-block-meta-icon\"><span class=\"ultp-block-author ultp-block-meta-element\"><svg xmlns=\"http:\/\/www.w3.org\/2000\/svg\" fill=\"none\" viewBox=\"0 0 24 24\">\n  <circle cx=\"12\" cy=\"7\" r=\"4\" stroke=\"currentColor\" stroke-linejoin=\"round\" stroke-width=\"1.5\"\/>\n  <path stroke=\"currentColor\" stroke-linecap=\"round\" stroke-linejoin=\"round\" stroke-width=\"1.5\" d=\"M4 21v-3a4 4 0 0 1 4-4h8a4 4 0 0 1 4 4v3\"\/>\n<\/svg>\n<a class=\"ultp-meta-author-no-link\" href=\"\">Upsra Prensa<\/a><\/span><span class=\"ultp-block-date ultp-block-meta-element\"><svg xmlns=\"http:\/\/www.w3.org\/2000\/svg\" fill=\"none\" viewBox=\"0 0 24 24\">\n  <path stroke=\"currentColor\" stroke-linecap=\"round\" stroke-linejoin=\"round\" stroke-width=\"1.5\" d=\"M3 5.5a2 2 0 0 1 2-2h14a2 2 0 0 1 2 2v14a2 2 0 0 1-2 2H5a2 2 0 0 1-2-2v-14ZM8 2v3m8-3v3M3 9h18\"\/>\n<\/svg>\nJun 6, 2025<\/span><\/div><\/div><\/div><\/div><\/div><\/div><\/div><div class=\"pagination-block-html\" aria-hidden=\"true\" style=\"display: none;\"><\/div><\/div>","protected":false},"excerpt":{"rendered":"<p>REPRESENTANTE GREMIAL RAMIREZ, ROBERTO ALEJANDRO Colaboradores Gremiales 11-5036-7808 (Martin Bustos)11-4096-0627 (Luciano)11-3268-1770 (Gonzalo Vives) Direcci\u00f3n Ecuador 969,Cdad. Aut\u00f3noma de Buenos Aires 1er piso C\u00f3digo Postal 1046&hellip;<\/p>\n","protected":false},"author":4,"featured_media":0,"parent":1703,"menu_order":0,"comment_status":"closed","ping_status":"closed","template":"","meta":{"_themeisle_gutenberg_block_has_review":false,"footnotes":""},"class_list":["post-1997","page","type-page","status-publish","hentry"],"_links":{"self":[{"href":"https:\/\/upsra.org.ar\/sitio\/wp-json\/wp\/v2\/pages\/1997","targetHints":{"allow":["GET"]}}],"collection":[{"href":"https:\/\/upsra.org.ar\/sitio\/wp-json\/wp\/v2\/pages"}],"about":[{"href":"https:\/\/upsra.org.ar\/sitio\/wp-json\/wp\/v2\/types\/page"}],"author":[{"embeddable":true,"href":"https:\/\/upsra.org.ar\/sitio\/wp-json\/wp\/v2\/users\/4"}],"replies":[{"embeddable":true,"href":"https:\/\/upsra.org.ar\/sitio\/wp-json\/wp\/v2\/comments?post=1997"}],"version-history":[{"count":30,"href":"https:\/\/upsra.org.ar\/sitio\/wp-json\/wp\/v2\/pages\/1997\/revisions"}],"predecessor-version":[{"id":2954,"href":"https:\/\/upsra.org.ar\/sitio\/wp-json\/wp\/v2\/pages\/1997\/revisions\/2954"}],"up":[{"embeddable":true,"href":"https:\/\/upsra.org.ar\/sitio\/wp-json\/wp\/v2\/pages\/1703"}],"wp:attachment":[{"href":"https:\/\/upsra.org.ar\/sitio\/wp-json\/wp\/v2\/media?parent=1997"}],"curies":[{"name":"wp","href":"https:\/\/api.w.org\/{rel}","templated":true}]}}