{"id":2817,"date":"2025-11-18T19:18:10","date_gmt":"2025-11-18T22:18:10","guid":{"rendered":"https:\/\/upsra.org.ar\/sitio\/?page_id=2817"},"modified":"2025-11-18T19:24:36","modified_gmt":"2025-11-18T22:24:36","slug":"delegacion-mendoza","status":"publish","type":"page","link":"https:\/\/upsra.org.ar\/sitio\/delegaciones2\/delegacion-mendoza\/","title":{"rendered":"Delegaci\u00f3n Mendoza"},"content":{"rendered":"\n<figure class=\"wp-block-table\">\n<table>\n<thead>\n<tr>\n<th colspan=\"2\">MENDOZA<\/th>\n<\/tr>\n<\/thead>\n<tbody>\n<tr>\n<td>REPRESENTANTE GREMIAL- MENDOZA<\/td>\n<td><strong>MIRANDA ISAIAS<\/strong> (Tel:)<\/td>\n<\/tr>\n<tr>\n<td>Direcci\u00f3n<\/td><td>GOBERNADOR GONZALEZ 724<\/td>\n\n<\/tr>\n<tr>\n<td>C\u00f3digo Postal<\/td>\n<td>5500<\/td>\n<\/tr>\n<tr>\n<td>Tel\u00e9fonos<\/td><td>261-3458124 | 261-6170889<\/td>\n<\/tr>\n<tr>\n<td>Email<\/td><td>demendoza@upsra.org.ar<\/td>\n\n<\/tr>\n<\/tr>\n<tr>\n<td>Email<\/td><td>desanrafael@upsra.org.ar<\/td>\n\n<\/tr>\n<tr>\n<td>Horario<\/td>\n<td>Lunes a Viernes de 08:00 a 16:00 hs.<\/td>\n<\/tr>\n<\/tbody>\n<\/table>\n<\/figure>\n\n\n\n<p><\/p>\n","protected":false},"excerpt":{"rendered":"<p>MENDOZA REPRESENTANTE GREMIAL- MENDOZA MIRANDA ISAIAS (Tel:) Direcci\u00f3n GOBERNADOR GONZALEZ 724 C\u00f3digo Postal 5500 Tel\u00e9fonos 261-3458124 | 261-6170889 Email demendoza@upsra.org.ar Email desanrafael@upsra.org.ar Horario Lunes a&hellip;<\/p>\n","protected":false},"author":4,"featured_media":0,"parent":1703,"menu_order":0,"comment_status":"closed","ping_status":"closed","template":"","meta":{"_themeisle_gutenberg_block_has_review":false,"footnotes":""},"class_list":["post-2817","page","type-page","status-publish","hentry"],"_links":{"self":[{"href":"https:\/\/upsra.org.ar\/sitio\/wp-json\/wp\/v2\/pages\/2817","targetHints":{"allow":["GET"]}}],"collection":[{"href":"https:\/\/upsra.org.ar\/sitio\/wp-json\/wp\/v2\/pages"}],"about":[{"href":"https:\/\/upsra.org.ar\/sitio\/wp-json\/wp\/v2\/types\/page"}],"author":[{"embeddable":true,"href":"https:\/\/upsra.org.ar\/sitio\/wp-json\/wp\/v2\/users\/4"}],"replies":[{"embeddable":true,"href":"https:\/\/upsra.org.ar\/sitio\/wp-json\/wp\/v2\/comments?post=2817"}],"version-history":[{"count":1,"href":"https:\/\/upsra.org.ar\/sitio\/wp-json\/wp\/v2\/pages\/2817\/revisions"}],"predecessor-version":[{"id":2823,"href":"https:\/\/upsra.org.ar\/sitio\/wp-json\/wp\/v2\/pages\/2817\/revisions\/2823"}],"up":[{"embeddable":true,"href":"https:\/\/upsra.org.ar\/sitio\/wp-json\/wp\/v2\/pages\/1703"}],"wp:attachment":[{"href":"https:\/\/upsra.org.ar\/sitio\/wp-json\/wp\/v2\/media?parent=2817"}],"curies":[{"name":"wp","href":"https:\/\/api.w.org\/{rel}","templated":true}]}}