{"id":411,"date":"2021-05-17T15:52:28","date_gmt":"2021-05-17T18:52:28","guid":{"rendered":"https:\/\/upsra.org.ar\/sitio\/?page_id=411"},"modified":"2026-01-08T15:33:45","modified_gmt":"2026-01-08T18:33:45","slug":"beneficios","status":"publish","type":"page","link":"https:\/\/upsra.org.ar\/sitio\/beneficios\/","title":{"rendered":"Beneficios"},"content":{"rendered":"\n<h3 class=\"wp-block-heading has-black-color has-text-color\">Visita tambi\u00e9n nuestra Secci\u00f3n de <font size=\"6\"><a href=\"https:\/\/upsra.org.ar\/sitio\/turismo\/\" data-type=\"link\" data-id=\"https:\/\/upsra.org.ar\/sitio\/turismo\/\">Turismo<\/a><\/font><\/h3>\n\n\n\n<h3 class=\"wp-block-heading\"><mark style=\"background-color:rgba(0, 0, 0, 0)\" class=\"has-inline-color has-vivid-cyan-blue-color\">Nacimientos<\/mark><\/h3>\n\n\n\n<p class=\"has-black-color has-text-color has-link-color wp-elements-61e4b5173cf8e96e9f366b9054e37dba\">Entrega de practicuna y ajuar para los reci\u00e9n nacidos.<br>Requisitos:<br>Ultimo recibo de sueldo.<br>Partida de nacimiento del hijo\/a.<br>Domicilio completo, c\u00f3digo postal y n\u00famero de tel\u00e9fono.<br>Beneficio valido por los primeros 6 (seis) meses de vida.<\/p>\n\n\n\n<hr class=\"wp-block-separator has-css-opacity\"\/>\n\n\n\n<h3 class=\"wp-block-heading has-text-align-left has-black-color has-text-color\"><mark style=\"background-color:rgba(0, 0, 0, 0)\" class=\"has-inline-color has-vivid-cyan-blue-color\">Matrimonio<\/mark><\/h3>\n\n\n\n<p class=\"has-text-align-left has-black-color has-text-color has-link-color wp-elements-1c14e610eea662db86a40737be719cb7\">El afiliado podr\u00e1 elegir entre el cobro de un subsidio&nbsp;por matrimonio por&nbsp;\u00fanica&nbsp;vez o <br>diez (10) d\u00edas&nbsp;de hospedaje con desayuno incluido en nuestro Hotel Regidor de Mar del Plata<\/p>\n\n\n\n<p class=\"has-text-align-left has-black-color has-text-color has-link-color wp-elements-9e904f5fff6bffce1c1b4b304e6acd13\">Requisitos:<br>Debe contar con seis (6) meses de antig\u00fcedad como afiliado a UPSRA.<br>Certificado de Matrimonio.<br>DNI de ambos.<br>CBU y Titular de cuenta.\u200bEl beneficio puede utilizarse hasta seis (6) meses despu\u00e9s de la fecha de casamiento<\/p>\n\n\n\n<hr class=\"wp-block-separator has-css-opacity\"\/>\n\n\n\n<h3 class=\"wp-block-heading has-text-align-left\"><mark style=\"background-color:rgba(0, 0, 0, 0)\" class=\"has-inline-color has-vivid-cyan-blue-color\">\u00datiles Escolares<\/mark><\/h3>\n\n\n\n<p class=\"has-text-align-left has-black-color has-text-color has-link-color wp-elements-42b7266ba90fe8fb8ea2f3299cd816af\">Entrega de \u00fatiles escolares, mochila y guardapolvo en el inicio del ciclo lectivo.<br>Requisitos:                             <br>Ultimo recibo de sueldo.       <br>DNI (hijos).                             <br>Partida de nacimiento (hijos).<\/p>\n\n\n\n<hr class=\"wp-block-separator has-css-opacity\"\/>\n\n\n\n<h3 class=\"wp-block-heading has-text-align-left\"><mark style=\"background-color:rgba(0, 0, 0, 0)\" class=\"has-inline-color has-vivid-cyan-blue-color\">Educaci\u00f3n y capacitaci\u00f3n<\/mark><\/h3>\n\n\n\n<p class=\"has-text-align-left has-black-color has-text-color has-link-color wp-elements-d3ec0562eba210dc5f46561033c6505a\">Curso b\u00e1sico de vigilador<br>Curso supervisor\/a de seguridad privada<br>Secundario<br>Curso de actualizaci\u00f3n<br>Curso de capacitaci\u00f3n en &#8220;cultura en el trabajo&#8221;<br>Operador de monitoreo<br>Tel\u00e9fono Fijo: 221-2281507<br><a href=\"mailto:inscripciones418laplata@gmail.com\">inscripciones418laplata@gmail.com<\/a><\/p>\n\n\n\n<hr class=\"wp-block-separator has-css-opacity\"\/>\n\n\n\n<h3 class=\"wp-block-heading has-text-align-left\"><mark style=\"background-color:rgba(0, 0, 0, 0)\" class=\"has-inline-color has-vivid-cyan-blue-color\">\u00d2ptica<\/mark><\/h3>\n\n\n\n<p class=\"has-black-color has-text-color has-link-color wp-elements-80971ddc9c723fdacdd26e423560d5ca\">\u00d3ptica Bottalo<br>Importantes descuentos para los afiliados sindicales<br>Requisitos:&nbsp;Ultimo recibo de sueldo, carnet sindical renovado<br>Direcci\u00f3n: Tucum\u00e1n 1716, CABA<br>Tel: 011 4371-6338<br>Lunes a viernes de 09.30 a 17.30 hs.<\/p>\n\n\n\n<p class=\"has-black-color has-text-color has-link-color wp-elements-a1ba31c07db71b2e7023bc3903882b63\">\u00d3ptica Imagen<br>Importantes descuentos para los afiliados sindicales<br>Requisitos: Ultimo recibo de sueldo, carnet sindical renovado<br>Direcci\u00f3n: Calle 42, n\u00b0 911, La Plata<br>Tel: 0221 424-8590<br>Lunes a viernes de 09.30 a 13.00 hs. y de 16.00 a 19.00 hs.<\/p>\n\n\n\n<hr class=\"wp-block-separator has-css-opacity\"\/>\n\n\n\n<h3 class=\"wp-block-heading has-text-align-left\"><mark style=\"background-color:rgba(0, 0, 0, 0)\" class=\"has-inline-color has-vivid-cyan-blue-color\">Legales<\/mark><\/h3>\n\n\n\n<p class=\"has-text-align-left has-black-color has-text-color has-link-color wp-elements-e955269e9c0bde3fe95ca957a3fdcde5\">Asesoramiento jur\u00eddico gratuito con abogados laborales.<br>Atenci\u00f3n presencial:     <br> Martes de 11:30hs a 13:30hs<br>Jueves de 14:00hs a 16:00hs<br>Ecuador 969, CABA      <br> Requisitos:            <br>Ultimo recibo de sueldo. <br>Carnet Sindical renovado.<\/p>\n\n\n\n<hr class=\"wp-block-separator has-css-opacity\"\/>\n\n\n\n<h3 class=\"wp-block-heading has-text-align-left\"><mark style=\"background-color:rgba(0, 0, 0, 0)\" class=\"has-inline-color has-vivid-cyan-blue-color\">Fallecimiento<\/mark><\/h3>\n\n\n\n<p class=\"has-text-align-left has-black-color has-text-color has-link-color wp-elements-d8c2ff5dab262178b1b452648fcc65b7\">Cobertura del servicio de sepelio a trav\u00e9s de la aseguradora El Surco<br>Contacto: 0800 666 1575 \/ 011 7700 3087 (atenci\u00f3n las 24hs)<br>Subsidio por fallecimiento.<br>Requisitos:<br>Partida de defunci\u00f3n.<br>\u00daltimos 4 recibos de sueldo.<br>Certificado de matrimonio o declaraci\u00f3n jurada de convivencia post mortem&nbsp;DNI de esposa\/o o concubina\/o CBU y titular de cuenta.<\/p>\n\n\n\n<hr class=\"wp-block-separator has-css-opacity\"\/>\n\n\n\n<h3 class=\"wp-block-heading has-black-color has-text-color has-link-color wp-elements-0ef76a3d0da2959a2b9e0c0a01498f05\"><mark style=\"background-color:rgba(0, 0, 0, 0)\" class=\"has-inline-color has-vivid-cyan-blue-color\">Accesos Especiales: Hoteles, Parques y Convenios <\/mark><\/h3>\n\n\n\n<p class=\"has-black-color has-text-color has-link-color wp-elements-54dd31c59e0648eb4cfc5599b06673d3\"><strong>Camping S.O.E.S.G.P.Y.L.A. \u2013 Rosario<\/strong><br>Direcci\u00f3n: Gallegos 1405, Rosario<br>-D\u00edas y horarios:<br>\u2022 Mi\u00e9rcoles a domingo y feriados<br>\u2022 De 10:00 a 23:00 hs<br>-Aranceles para afiliados y grupo familiar directo<br>\u2022 Mayores: $5.000<br>\u2022 Menores de 10 a\u00f1os: $2.000<br>-Aranceles para invitados (ingresan acompa\u00f1ados por el afiliado)<br>\u2022 Mayores: $8.000<br>\u2022 Menores de 10 a\u00f1os: $4.000<br>Revisaci\u00f3n m\u00e9dica y odontol\u00f3gica (por \u00fanica vez)<br>\u2022 Revisaci\u00f3n completa: $20.000<\/p>\n\n\n\n<p class=\"has-black-color has-text-color has-link-color wp-elements-b8bb9bcc430c470b1c0d51664e70eb5a\">Otros destinos incluidos en el convenio<\/p>\n\n\n\n<ol start=\"2\" class=\"wp-block-list\">\n<li class=\"has-black-color has-text-color has-link-color wp-elements-0220e3544e7437d45a63942a1edc80d1\">Camping Recreativo S.O.E.S.G.P.Y.L.A. \u2013 Santa Fe Capital<br>Direcci\u00f3n: Blas Parera 8571, Santa Fe<\/li>\n\n\n\n<li class=\"has-black-color has-text-color has-link-color wp-elements-475e8f18c8266649dceb9c2f1c5a3ecb\">Camping Recreativo Puerto Gaboto<br>Direcci\u00f3n: Hurtado esquina Col\u00f3n, Puerto Gaboto<\/li>\n\n\n\n<li class=\"has-black-color has-text-color has-link-color wp-elements-5a5d2bc3465cdf0e0e10ead7bf9a9087\">Colonia Vacacional \u201cEl Castillo\u201d \u2013 Capilla del Monte (C\u00f3rdoba)<br>Direcci\u00f3n: Av. Doering 80 esquina Latinoam\u00e9rica, Capilla del Monte<\/li>\n<\/ol>\n\n\n\n<p class=\"has-black-color has-text-color has-link-color wp-elements-8c95aacf8dc0bee7bc4c0b61ec8fbde3\">Informaci\u00f3n y consultas<br>Para conocer los servicios, requisitos y disponibilidad de cada destino, comunicarse con UPSRA Delegaci\u00f3n Rosario.<br>Tel\u00e9fonos de contacto (solo llamadas):<\/p>\n\n\n\n<ul class=\"wp-block-list\">\n<li class=\"has-black-color has-text-color has-link-color wp-elements-5172ca7c7e0f1f6f703ddb9daf0ee190\">3364 670082 \u2013 David<\/li>\n\n\n\n<li class=\"has-black-color has-text-color has-link-color wp-elements-3dd69e50c363910c340290e114d5179b\">3364 201810 \u2013 Joaqu\u00edn<\/li>\n<\/ul>\n\n\n\n<hr class=\"wp-block-separator has-css-opacity\"\/>\n\n\n\n<p class=\"has-black-color has-text-color has-link-color wp-elements-fa5e4e3bad7a7aa75d77569f300b57e4\"><strong>Club Argentinos de Quilmes<\/strong><\/p>\n\n\n\n<ul class=\"wp-block-list\">\n<li class=\"has-black-color has-text-color has-link-color wp-elements-84f10f99e4ebe0facaa983a83411fbe3\">Direcci\u00f3n: Cevallos 548, Quilmes.<\/li>\n\n\n\n<li class=\"has-black-color has-text-color has-link-color wp-elements-bedfc6185e20323b8c6e6ab31b4265e5\">Vouchers Disponibles: Se retiran en la Delegaci\u00f3n Avellaneda, direcci\u00f3n Av. Mitre 3055, Sarand\u00ed (traer recibo de sueldo, DNI del grupo familiar y credencial sindical).<\/li>\n<\/ul>\n\n\n\n<div style=\"height:60px\" aria-hidden=\"true\" class=\"wp-block-spacer\"><\/div>\n\n\n\n<p class=\"has-black-color has-text-color has-link-color wp-elements-15193f59aa3516ade82566994f1e4120\"><strong>Parque Recreativo &#8220;Adelino Romero&#8221;<\/strong><\/p>\n\n\n\n<p class=\"has-black-color has-text-color has-link-color wp-elements-5c54f6d6e668b5e305ef99adee7f8c4e\">Direcci\u00f3n: Dr. E. Restelli 1350, 9 de Abril, Esteban Echeverr\u00eda.<\/p>\n\n\n\n<p class=\"has-black-color has-text-color has-link-color wp-elements-76a473ea48f7ed7fb4a2af989a2ce722\">Beneficio para Afiliados UPSRA:<br>El titular y su grupo familiar primario tienen acceso gratuito al parque y a la pileta.<\/p>\n\n\n\n<p class=\"has-black-color has-text-color has-link-color wp-elements-668ad52238a0b68b9507b9883d8a8ecc\">Horarios:<\/p>\n\n\n\n<p class=\"has-black-color has-text-color has-link-color wp-elements-6ffb3be01c1e26971f84c33ab963539d\">Parque: 8:00 a 20:00 hs.<br>Pileta:<br>Ma\u00f1ana: 9:30 a 13:00 hs.<br>Tarde: 14:00 a 19:30 hs.<br>Tarifas para Invitados:<\/p>\n\n\n\n<p class=\"has-black-color has-text-color has-link-color wp-elements-f7b1c36f8afa558ecadbf7dca085c9d9\">Lunes a viernes: $8.000<br>S\u00e1bados, domingos y feriados: $12.000<br>Tarifas Particulares (sin afiliaci\u00f3n):<\/p>\n\n\n\n<p class=\"has-black-color has-text-color has-link-color wp-elements-da1a2aef038a4efa883f231c189e95b1\">Lunes a viernes: $10.000<br>S\u00e1bados, domingos y feriados: $15.000<\/p>\n\n\n\n<p class=\"has-black-color has-text-color has-link-color wp-elements-1bee488163ddc03112b2efa3a52f6843\">Menores de 6a\u00f1os (Sin cargo)<br>Requisitos para el Ingreso:<\/p>\n\n\n\n<p class=\"has-black-color has-text-color has-link-color wp-elements-59e269f7b06ffb2c7ad1de0f2ae6812a\">Titular: Constancia sindical o credencial, recibo de sueldo y DNI.<br>Grupo familiar primario: DNI y Constancia sindical<br><\/p>\n\n\n\n<p class=\"has-black-color has-text-color has-link-color wp-elements-69c7bd63808087f5bde5c485ef3d69c3\"><strong>Convenio con la Asociaci\u00f3n Obrera Textil.<\/strong><\/p>\n\n\n\n<p class=\"has-black-color has-text-color has-link-color wp-elements-24e49c3ba63977a6b406006e9424138a\">Los afiliados pueden acceder a tarifas preferenciales en turismo para destinos como:<br>Costa Atl\u00e1ntica<br>Misiones<br>Entre R\u00edos<br>San Luis<br>C\u00f3rdoba<\/p>\n\n\n\n<p class=\"has-black-color has-text-color has-link-color wp-elements-808ef6a5e69e00ec6cf0618103616c64\">Contacto para Turismo:<\/p>\n\n\n\n<p class=\"has-black-color has-text-color has-link-color wp-elements-0509bc0ab1cf4bfe736a251b132ac79f\">Departamento de Turismo y Recreaci\u00f3n: Av. La Plata 754 PB, CABA.<br>Horario: 10:00 a 18:00 hs.<br>Tel\u00e9fono: 011 4923-4061 (Opci\u00f3n 3).<br>1150369093 WhatsApp.<\/p>\n\n\n\n<div class=\"wp-block-group\"><div class=\"wp-block-group__inner-container is-layout-flow wp-block-group-is-layout-flow\">\n<div style=\"height:47px\" aria-hidden=\"true\" class=\"wp-block-spacer\"><\/div>\n\n\n\n<h4 class=\"wp-block-heading has-text-align-center\">Para mas informaci\u00f3n<\/h4>\n<\/div><\/div>\n\n\n\n<h4 class=\"wp-block-heading\">Email: <strong>afiliaciones@upsra.org.ar<\/strong><\/h4>\n\n\n\n<h4 class=\"wp-block-heading\">Direcci\u00f3n: Ecuador 969, CABA<\/h4>\n\n\n\n<p><\/p>\n","protected":false},"excerpt":{"rendered":"<p>Visita tambi\u00e9n nuestra Secci\u00f3n de Turismo Nacimientos Entrega de practicuna y ajuar para los reci\u00e9n nacidos.Requisitos:Ultimo recibo de sueldo.Partida de nacimiento del hijo\/a.Domicilio completo, c\u00f3digo&hellip;<\/p>\n","protected":false},"author":1,"featured_media":0,"parent":0,"menu_order":0,"comment_status":"closed","ping_status":"closed","template":"","meta":{"_themeisle_gutenberg_block_has_review":false,"footnotes":""},"class_list":["post-411","page","type-page","status-publish","hentry"],"_links":{"self":[{"href":"https:\/\/upsra.org.ar\/sitio\/wp-json\/wp\/v2\/pages\/411","targetHints":{"allow":["GET"]}}],"collection":[{"href":"https:\/\/upsra.org.ar\/sitio\/wp-json\/wp\/v2\/pages"}],"about":[{"href":"https:\/\/upsra.org.ar\/sitio\/wp-json\/wp\/v2\/types\/page"}],"author":[{"embeddable":true,"href":"https:\/\/upsra.org.ar\/sitio\/wp-json\/wp\/v2\/users\/1"}],"replies":[{"embeddable":true,"href":"https:\/\/upsra.org.ar\/sitio\/wp-json\/wp\/v2\/comments?post=411"}],"version-history":[{"count":75,"href":"https:\/\/upsra.org.ar\/sitio\/wp-json\/wp\/v2\/pages\/411\/revisions"}],"predecessor-version":[{"id":2880,"href":"https:\/\/upsra.org.ar\/sitio\/wp-json\/wp\/v2\/pages\/411\/revisions\/2880"}],"wp:attachment":[{"href":"https:\/\/upsra.org.ar\/sitio\/wp-json\/wp\/v2\/media?parent=411"}],"curies":[{"name":"wp","href":"https:\/\/api.w.org\/{rel}","templated":true}]}}